{"id":178,"date":"2025-01-11T17:57:22","date_gmt":"2025-01-11T16:57:22","guid":{"rendered":"https:\/\/gabi.chatasturovo.sk\/?page_id=178"},"modified":"2025-01-12T14:23:34","modified_gmt":"2025-01-12T13:23:34","slug":"tobo","status":"publish","type":"page","link":"https:\/\/gabi.chatasturovo.sk\/en\/tobo\/","title":{"rendered":"TOBO"},"content":{"rendered":"<div data-elementor-type=\"wp-page\" data-elementor-id=\"178\" class=\"elementor elementor-178\">\n\t\t\t\t<div class=\"elementor-element elementor-element-606f736 e-flex e-con-boxed e-con e-parent\" data-id=\"606f736\" data-element_type=\"container\">\n\t\t\t\t\t<div class=\"e-con-inner\">\n\t\t\t\t<div class=\"elementor-element elementor-element-66f40e3 elementor-widget elementor-widget-spacer\" data-id=\"66f40e3\" data-element_type=\"widget\" data-widget_type=\"spacer.default\">\n\t\t\t\t<div class=\"elementor-widget-container\">\n\t\t\t\t\t\t\t<div class=\"elementor-spacer\">\n\t\t\t<div class=\"elementor-spacer-inner\"><\/div>\n\t\t<\/div>\n\t\t\t\t\t\t<\/div>\n\t\t\t\t<\/div>\n\t\t<div class=\"elementor-element elementor-element-175d2b6 e-con-full e-flex e-con e-child\" data-id=\"175d2b6\" data-element_type=\"container\">\n\t\t\t\t<div class=\"elementor-element elementor-element-894ddb5 elementor-widget elementor-widget-heading\" data-id=\"894ddb5\" data-element_type=\"widget\" data-widget_type=\"heading.default\">\n\t\t\t\t<div class=\"elementor-widget-container\">\n\t\t\t\t\t<h1 class=\"elementor-heading-title elementor-size-default\">TOBO<\/h1>\t\t\t\t<\/div>\n\t\t\t\t<\/div>\n\t\t\t\t<\/div>\n\t\t\t\t\t<\/div>\n\t\t\t\t<\/div>\n\t\t<div class=\"elementor-element elementor-element-ab94e4c e-grid e-con-boxed e-con e-parent\" data-id=\"ab94e4c\" data-element_type=\"container\">\n\t\t\t\t\t<div class=\"e-con-inner\">\n\t\t\t\t<div class=\"elementor-element elementor-element-cfc1ebf elementor-widget elementor-widget-image\" data-id=\"cfc1ebf\" data-element_type=\"widget\" data-widget_type=\"image.default\">\n\t\t\t\t<div class=\"elementor-widget-container\">\n\t\t\t\t\t\t\t\t\t\t\t\t\t\t\t<img fetchpriority=\"high\" decoding=\"async\" width=\"1024\" height=\"576\" src=\"https:\/\/gabi.chatasturovo.sk\/wp-content\/uploads\/2024\/11\/cropped-uprava-01-1024x576.jpg\" class=\"attachment-large size-large wp-image-59\" alt=\"\" srcset=\"https:\/\/gabi.chatasturovo.sk\/wp-content\/uploads\/2024\/11\/cropped-uprava-01-1024x576.jpg 1024w, https:\/\/gabi.chatasturovo.sk\/wp-content\/uploads\/2024\/11\/cropped-uprava-01-300x169.jpg 300w, https:\/\/gabi.chatasturovo.sk\/wp-content\/uploads\/2024\/11\/cropped-uprava-01-768x432.jpg 768w, https:\/\/gabi.chatasturovo.sk\/wp-content\/uploads\/2024\/11\/cropped-uprava-01.jpg 1200w\" sizes=\"(max-width: 678px) 100vw, 678px\" \/>\t\t\t\t\t\t\t\t\t\t\t\t\t\t\t<\/div>\n\t\t\t\t<\/div>\n\t\t\t\t<div class=\"elementor-element elementor-element-8656155 elementor-widget elementor-widget-text-editor\" data-id=\"8656155\" data-element_type=\"widget\" data-widget_type=\"text-editor.default\">\n\t\t\t\t<div class=\"elementor-widget-container\">\n\t\t\t\t\t\t\t\t\t<p>Chata TOBO is a house located in a picturesque setting, an ideal refuge for those seeking peace and quiet.<\/p><p>Guests can enjoy the modern jacuzzi and sauna while admiring the beauty of nature.<\/p><p>The house has comfortable and welcoming interiors, perfectly combining traditional mountain atmosphere with modern comforts.<\/p><p>Chata TOBO welcomes its visitors all year round. This charming accommodation is an excellent choice for couples, families or groups of friends looking for a special vacation.<\/p><p><span style=\"font-weight: 400;\">Number of seats: 10 people<\/span><\/p><p><span style=\"font-weight: 400;\">Price: \u20ac100\/night\/4 persons, each additional person \u20ac13\/night<\/span><\/p><p><span style=\"font-weight: 400;\">www.facebook.com\/rekreacnachatapridunaji.sk<\/span><\/p><p dir=\"ltr\" style=\"line-height: 1.295; margin-top: 0pt; margin-bottom: 8pt;\">\u00a0<\/p>\t\t\t\t\t\t\t\t<\/div>\n\t\t\t\t<\/div>\n\t\t\t\t\t<\/div>\n\t\t\t\t<\/div>\n\t\t<div class=\"elementor-element elementor-element-b9aa9b1 e-flex e-con-boxed e-con e-parent\" data-id=\"b9aa9b1\" data-element_type=\"container\">\n\t\t\t\t\t<div class=\"e-con-inner\">\n\t\t\t\t<div class=\"elementor-element elementor-element-8221ad7 elementor-widget elementor-widget-spacer\" data-id=\"8221ad7\" data-element_type=\"widget\" data-widget_type=\"spacer.default\">\n\t\t\t\t<div class=\"elementor-widget-container\">\n\t\t\t\t\t\t\t<div class=\"elementor-spacer\">\n\t\t\t<div class=\"elementor-spacer-inner\"><\/div>\n\t\t<\/div>\n\t\t\t\t\t\t<\/div>\n\t\t\t\t<\/div>\n\t\t\t\t\t<\/div>\n\t\t\t\t<\/div>\n\t\t\t\t<\/div>","protected":false},"excerpt":{"rendered":"<p>TOBO Chata TOBO egy fest\u0151i k\u00f6rnyezetben tal\u00e1lhat\u00f3 h\u00e1z, amely a nyugalmat keres\u0151k sz\u00e1m\u00e1ra ide\u00e1lis mened\u00e9k. A vend\u00e9gek \u00e9lvezhetik a modern jacuzzit \u00e9s a szaun\u00e1t, mik\u00f6zben a term\u00e9szet sz\u00e9ps\u00e9geiben gy\u00f6ny\u00f6rk\u00f6dhetnek. A h\u00e1z k\u00e9nyelmes \u00e9s bar\u00e1ts\u00e1gos bels\u0151 terekkel rendelkezik, t\u00f6k\u00e9letesen \u00f6tv\u00f6zve a hagyom\u00e1nyos hegyi hangulatot a modern k\u00e9nyelemmel. Chata TOBO eg\u00e9sz \u00e9vben v\u00e1rja l\u00e1togat\u00f3it. Ez a b\u00e1jos [&hellip;]<\/p>","protected":false},"author":1,"featured_media":0,"parent":0,"menu_order":0,"comment_status":"closed","ping_status":"closed","template":"elementor_header_footer","meta":{"footnotes":""},"class_list":["post-178","page","type-page","status-publish","hentry"],"_links":{"self":[{"href":"https:\/\/gabi.chatasturovo.sk\/en\/wp-json\/wp\/v2\/pages\/178","targetHints":{"allow":["GET"]}}],"collection":[{"href":"https:\/\/gabi.chatasturovo.sk\/en\/wp-json\/wp\/v2\/pages"}],"about":[{"href":"https:\/\/gabi.chatasturovo.sk\/en\/wp-json\/wp\/v2\/types\/page"}],"author":[{"embeddable":true,"href":"https:\/\/gabi.chatasturovo.sk\/en\/wp-json\/wp\/v2\/users\/1"}],"replies":[{"embeddable":true,"href":"https:\/\/gabi.chatasturovo.sk\/en\/wp-json\/wp\/v2\/comments?post=178"}],"version-history":[{"count":25,"href":"https:\/\/gabi.chatasturovo.sk\/en\/wp-json\/wp\/v2\/pages\/178\/revisions"}],"predecessor-version":[{"id":461,"href":"https:\/\/gabi.chatasturovo.sk\/en\/wp-json\/wp\/v2\/pages\/178\/revisions\/461"}],"wp:attachment":[{"href":"https:\/\/gabi.chatasturovo.sk\/en\/wp-json\/wp\/v2\/media?parent=178"}],"curies":[{"name":"wp","href":"https:\/\/api.w.org\/{rel}","templated":true}]}}