{"id":200,"date":"2025-01-11T18:25:58","date_gmt":"2025-01-11T17:25:58","guid":{"rendered":"https:\/\/gabi.chatasturovo.sk\/?page_id=200"},"modified":"2025-01-12T14:22:16","modified_gmt":"2025-01-12T13:22:16","slug":"galata","status":"publish","type":"page","link":"https:\/\/gabi.chatasturovo.sk\/en\/galata\/","title":{"rendered":"GALATI"},"content":{"rendered":"<div data-elementor-type=\"wp-page\" data-elementor-id=\"200\" class=\"elementor elementor-200\">\n\t\t\t\t<div class=\"elementor-element elementor-element-606f736 e-flex e-con-boxed e-con e-parent\" data-id=\"606f736\" data-element_type=\"container\">\n\t\t\t\t\t<div class=\"e-con-inner\">\n\t\t\t\t<div class=\"elementor-element elementor-element-66f40e3 elementor-widget elementor-widget-spacer\" data-id=\"66f40e3\" data-element_type=\"widget\" data-widget_type=\"spacer.default\">\n\t\t\t\t<div class=\"elementor-widget-container\">\n\t\t\t\t\t\t\t<div class=\"elementor-spacer\">\n\t\t\t<div class=\"elementor-spacer-inner\"><\/div>\n\t\t<\/div>\n\t\t\t\t\t\t<\/div>\n\t\t\t\t<\/div>\n\t\t<div class=\"elementor-element elementor-element-687aee6 e-con-full e-flex e-con e-child\" data-id=\"687aee6\" data-element_type=\"container\">\n\t\t\t\t<div class=\"elementor-element elementor-element-c21f975 elementor-widget elementor-widget-heading\" data-id=\"c21f975\" data-element_type=\"widget\" data-widget_type=\"heading.default\">\n\t\t\t\t<div class=\"elementor-widget-container\">\n\t\t\t\t\t<h2 class=\"elementor-heading-title elementor-size-default\">GALATI<\/h2>\t\t\t\t<\/div>\n\t\t\t\t<\/div>\n\t\t\t\t<\/div>\n\t\t\t\t\t<\/div>\n\t\t\t\t<\/div>\n\t\t<div class=\"elementor-element elementor-element-ab94e4c e-grid e-con-boxed e-con e-parent\" data-id=\"ab94e4c\" data-element_type=\"container\">\n\t\t\t\t\t<div class=\"e-con-inner\">\n\t\t\t\t<div class=\"elementor-element elementor-element-cfc1ebf elementor-widget elementor-widget-image\" data-id=\"cfc1ebf\" data-element_type=\"widget\" data-widget_type=\"image.default\">\n\t\t\t\t<div class=\"elementor-widget-container\">\n\t\t\t\t\t\t\t\t\t\t\t\t\t\t\t<img fetchpriority=\"high\" decoding=\"async\" width=\"1400\" height=\"500\" src=\"https:\/\/gabi.chatasturovo.sk\/wp-content\/uploads\/2024\/12\/Galata-zimna-fotka-3.png\" class=\"attachment-jeg-featured-1140 size-jeg-featured-1140 wp-image-105\" alt=\"\" srcset=\"https:\/\/gabi.chatasturovo.sk\/wp-content\/uploads\/2024\/12\/Galata-zimna-fotka-3.png 1400w, https:\/\/gabi.chatasturovo.sk\/wp-content\/uploads\/2024\/12\/Galata-zimna-fotka-3-300x107.png 300w, https:\/\/gabi.chatasturovo.sk\/wp-content\/uploads\/2024\/12\/Galata-zimna-fotka-3-1024x366.png 1024w, https:\/\/gabi.chatasturovo.sk\/wp-content\/uploads\/2024\/12\/Galata-zimna-fotka-3-768x274.png 768w\" sizes=\"(max-width: 1140px) 100vw, 1140px\" \/>\t\t\t\t\t\t\t\t\t\t\t\t\t\t\t<\/div>\n\t\t\t\t<\/div>\n\t\t\t\t<div class=\"elementor-element elementor-element-8656155 elementor-widget elementor-widget-text-editor\" data-id=\"8656155\" data-element_type=\"widget\" data-widget_type=\"text-editor.default\">\n\t\t\t\t<div class=\"elementor-widget-container\">\n\t\t\t\t\t\t\t\t\t<p>Chata Galata is a magical accommodation located in a stunning natural environment, on an island of peace and tranquility.<\/p><p>The house exudes a warm, homely atmosphere and offers an ideal location for relaxing or spending time with friends.<\/p><p>It provides guests with modern amenities to ensure complete relaxation.<\/p><p>Chata Galata is a perfect choice for those looking for an active pastime, as the area is rich in hiking trails and outdoor activities.<\/p><p>The accommodation is open all year round, providing an unforgettable experience for visitors in both winter and summer.<\/p><p><span style=\"font-weight: 400;\">Number of seats: 10 people<\/span><\/p><p><span style=\"font-weight: 400;\">Price: \u20ac100\/night\/4 persons, each additional person \u20ac13\/night<\/span><\/p><p><span style=\"font-weight: 400;\">www.facebook.com\/rekreacnachatapridunaji.sk<\/span><\/p><p dir=\"ltr\" style=\"line-height: 1.295; margin-top: 0pt; margin-bottom: 8pt;\">\u00a0<\/p>\t\t\t\t\t\t\t\t<\/div>\n\t\t\t\t<\/div>\n\t\t\t\t\t<\/div>\n\t\t\t\t<\/div>\n\t\t<div class=\"elementor-element elementor-element-b9aa9b1 e-flex e-con-boxed e-con e-parent\" data-id=\"b9aa9b1\" data-element_type=\"container\">\n\t\t\t\t\t<div class=\"e-con-inner\">\n\t\t\t\t<div class=\"elementor-element elementor-element-8221ad7 elementor-widget elementor-widget-spacer\" data-id=\"8221ad7\" data-element_type=\"widget\" data-widget_type=\"spacer.default\">\n\t\t\t\t<div class=\"elementor-widget-container\">\n\t\t\t\t\t\t\t<div class=\"elementor-spacer\">\n\t\t\t<div class=\"elementor-spacer-inner\"><\/div>\n\t\t<\/div>\n\t\t\t\t\t\t<\/div>\n\t\t\t\t<\/div>\n\t\t\t\t\t<\/div>\n\t\t\t\t<\/div>\n\t\t\t\t<\/div>","protected":false},"excerpt":{"rendered":"<p>GALATA Chata Galata egy var\u00e1zslatos sz\u00e1ll\u00e1shely, amely leny\u0171g\u00f6z\u0151 term\u00e9szeti k\u00f6rnyezetben, a b\u00e9ke \u00e9s nyugalom sziget\u00e9n tal\u00e1lhat\u00f3. A h\u00e1z meleg, otthonos hangulatot \u00e1raszt, \u00e9s ide\u00e1lis helysz\u00ednt k\u00edn\u00e1l a pihen\u00e9sre vagy a bar\u00e1tokkal val\u00f3 k\u00f6z\u00f6s id\u0151t\u00f6lt\u00e9sre. A vend\u00e9gek sz\u00e1m\u00e1ra modern felszerelts\u00e9get biztos\u00edt,\u00a0 hogy a kikapcsol\u00f3d\u00e1s teljes legyen. Chata Galata t\u00f6k\u00e9letes v\u00e1laszt\u00e1s azok sz\u00e1m\u00e1ra, akik akt\u00edv id\u0151t\u00f6lt\u00e9st keresnek, [&hellip;]<\/p>","protected":false},"author":1,"featured_media":0,"parent":0,"menu_order":0,"comment_status":"closed","ping_status":"closed","template":"elementor_header_footer","meta":{"footnotes":""},"class_list":["post-200","page","type-page","status-publish","hentry"],"_links":{"self":[{"href":"https:\/\/gabi.chatasturovo.sk\/en\/wp-json\/wp\/v2\/pages\/200","targetHints":{"allow":["GET"]}}],"collection":[{"href":"https:\/\/gabi.chatasturovo.sk\/en\/wp-json\/wp\/v2\/pages"}],"about":[{"href":"https:\/\/gabi.chatasturovo.sk\/en\/wp-json\/wp\/v2\/types\/page"}],"author":[{"embeddable":true,"href":"https:\/\/gabi.chatasturovo.sk\/en\/wp-json\/wp\/v2\/users\/1"}],"replies":[{"embeddable":true,"href":"https:\/\/gabi.chatasturovo.sk\/en\/wp-json\/wp\/v2\/comments?post=200"}],"version-history":[{"count":25,"href":"https:\/\/gabi.chatasturovo.sk\/en\/wp-json\/wp\/v2\/pages\/200\/revisions"}],"predecessor-version":[{"id":458,"href":"https:\/\/gabi.chatasturovo.sk\/en\/wp-json\/wp\/v2\/pages\/200\/revisions\/458"}],"wp:attachment":[{"href":"https:\/\/gabi.chatasturovo.sk\/en\/wp-json\/wp\/v2\/media?parent=200"}],"curies":[{"name":"wp","href":"https:\/\/api.w.org\/{rel}","templated":true}]}}