{"id":220,"date":"2025-01-11T18:39:32","date_gmt":"2025-01-11T17:39:32","guid":{"rendered":"https:\/\/gabi.chatasturovo.sk\/?page_id=220"},"modified":"2025-01-13T19:12:06","modified_gmt":"2025-01-13T18:12:06","slug":"csarda-etterem","status":"publish","type":"page","link":"https:\/\/gabi.chatasturovo.sk\/en\/csarda-etterem\/","title":{"rendered":"Tavern restaurant"},"content":{"rendered":"<div data-elementor-type=\"wp-page\" data-elementor-id=\"220\" class=\"elementor elementor-220\">\n\t\t\t\t<div class=\"elementor-element elementor-element-606f736 e-flex e-con-boxed e-con e-parent\" data-id=\"606f736\" data-element_type=\"container\">\n\t\t\t\t\t<div class=\"e-con-inner\">\n\t\t\t\t<div class=\"elementor-element elementor-element-66f40e3 elementor-widget elementor-widget-spacer\" data-id=\"66f40e3\" data-element_type=\"widget\" data-widget_type=\"spacer.default\">\n\t\t\t\t<div class=\"elementor-widget-container\">\n\t\t\t\t\t\t\t<div class=\"elementor-spacer\">\n\t\t\t<div class=\"elementor-spacer-inner\"><\/div>\n\t\t<\/div>\n\t\t\t\t\t\t<\/div>\n\t\t\t\t<\/div>\n\t\t<div class=\"elementor-element elementor-element-175d2b6 e-con-full e-flex e-con e-child\" data-id=\"175d2b6\" data-element_type=\"container\">\n\t\t\t\t<div class=\"elementor-element elementor-element-894ddb5 elementor-widget elementor-widget-heading\" data-id=\"894ddb5\" data-element_type=\"widget\" data-widget_type=\"heading.default\">\n\t\t\t\t<div class=\"elementor-widget-container\">\n\t\t\t\t\t<h1 class=\"elementor-heading-title elementor-size-default\">Paraszt cs\u00e1rda<\/h1>\t\t\t\t<\/div>\n\t\t\t\t<\/div>\n\t\t\t\t<\/div>\n\t\t\t\t\t<\/div>\n\t\t\t\t<\/div>\n\t\t<div class=\"elementor-element elementor-element-ab94e4c e-grid e-con-boxed e-con e-parent\" data-id=\"ab94e4c\" data-element_type=\"container\">\n\t\t\t\t\t<div class=\"e-con-inner\">\n\t\t\t\t<div class=\"elementor-element elementor-element-cfc1ebf elementor-widget elementor-widget-image\" data-id=\"cfc1ebf\" data-element_type=\"widget\" data-widget_type=\"image.default\">\n\t\t\t\t<div class=\"elementor-widget-container\">\n\t\t\t\t\t\t\t\t\t\t\t\t\t\t\t<img fetchpriority=\"high\" decoding=\"async\" width=\"1200\" height=\"801\" src=\"https:\/\/gabi.chatasturovo.sk\/wp-content\/uploads\/2025\/01\/malo-csarda-radvany.jpg\" class=\"attachment-2048x2048 size-2048x2048 wp-image-593\" alt=\"\" srcset=\"https:\/\/gabi.chatasturovo.sk\/wp-content\/uploads\/2025\/01\/malo-csarda-radvany.jpg 1200w, https:\/\/gabi.chatasturovo.sk\/wp-content\/uploads\/2025\/01\/malo-csarda-radvany-300x200.jpg 300w, https:\/\/gabi.chatasturovo.sk\/wp-content\/uploads\/2025\/01\/malo-csarda-radvany-1024x684.jpg 1024w, https:\/\/gabi.chatasturovo.sk\/wp-content\/uploads\/2025\/01\/malo-csarda-radvany-768x513.jpg 768w, https:\/\/gabi.chatasturovo.sk\/wp-content\/uploads\/2025\/01\/malo-csarda-radvany-750x501.jpg 750w, https:\/\/gabi.chatasturovo.sk\/wp-content\/uploads\/2025\/01\/malo-csarda-radvany-1140x761.jpg 1140w\" sizes=\"(max-width: 1200px) 100vw, 1200px\" \/>\t\t\t\t\t\t\t\t\t\t\t\t\t\t\t<\/div>\n\t\t\t\t<\/div>\n\t\t\t\t<div class=\"elementor-element elementor-element-8656155 elementor-widget elementor-widget-text-editor\" data-id=\"8656155\" data-element_type=\"widget\" data-widget_type=\"text-editor.default\">\n\t\t\t\t<div class=\"elementor-widget-container\">\n\t\t\t\t\t\t\t\t\t<p>A dunaradv\u00e1nyi cs\u00e1rda \u00e9tterem egy hangulatos vend\u00e9gl\u00e1t\u00f3hely, amely a hagyom\u00e1nyos magyar \u00e9s helyi \u00edzek szerelmeseinek k\u00edn\u00e1l k\u00fcl\u00f6nleges gasztron\u00f3miai \u00e9lm\u00e9nyeket.<\/p><p>Az \u00e9tterem friss, helyi alapanyagokb\u00f3l k\u00e9sz\u00edtett \u00e9telekkel \u00e9s bar\u00e1ts\u00e1gos kiszolg\u00e1l\u00e1ssal v\u00e1rja vend\u00e9geit.<\/p><p>Az \u00e9tlapr\u00f3l nem hi\u00e1nyoznak a klasszikus magyar fog\u00e1sok, p\u00e9ld\u00e1ul a guly\u00e1sleves, a hal\u00e1szl\u00e9 vagy a h\u00e1zi k\u00e9sz\u00edt\u00e9s\u0171 desszertek.<\/p><p>Az \u00e9tterem terasz\u00e1r\u00f3l leny\u0171g\u00f6z\u0151 kil\u00e1t\u00e1s ny\u00edlik a Dun\u00e1ra, ami k\u00fcl\u00f6nleges hangulatot k\u00f6lcs\u00f6n\u00f6z az \u00e9tkez\u00e9seknek.<\/p><p>A dunaradv\u00e1nyi cs\u00e1rda kiv\u00e1l\u00f3 v\u00e1laszt\u00e1s csal\u00e1di eb\u00e9dekhez, bar\u00e1ti \u00f6sszej\u00f6vetelekhez vagy ak\u00e1r egy romantikus vacsor\u00e1hoz.<\/p><p>https:\/\/www.facebook.com\/ParasztCsarda<\/p>\t\t\t\t\t\t\t\t<\/div>\n\t\t\t\t<\/div>\n\t\t\t\t\t<\/div>\n\t\t\t\t<\/div>\n\t\t<div class=\"elementor-element elementor-element-b9aa9b1 e-flex e-con-boxed e-con e-parent\" data-id=\"b9aa9b1\" data-element_type=\"container\">\n\t\t\t\t\t<div class=\"e-con-inner\">\n\t\t\t\t<div class=\"elementor-element elementor-element-8221ad7 elementor-widget elementor-widget-spacer\" data-id=\"8221ad7\" data-element_type=\"widget\" data-widget_type=\"spacer.default\">\n\t\t\t\t<div class=\"elementor-widget-container\">\n\t\t\t\t\t\t\t<div class=\"elementor-spacer\">\n\t\t\t<div class=\"elementor-spacer-inner\"><\/div>\n\t\t<\/div>\n\t\t\t\t\t\t<\/div>\n\t\t\t\t<\/div>\n\t\t\t\t\t<\/div>\n\t\t\t\t<\/div>\n\t\t\t\t<\/div>","protected":false},"excerpt":{"rendered":"<p>Paraszt cs\u00e1rda A dunaradv\u00e1nyi cs\u00e1rda \u00e9tterem egy hangulatos vend\u00e9gl\u00e1t\u00f3hely, amely a hagyom\u00e1nyos magyar \u00e9s helyi \u00edzek szerelmeseinek k\u00edn\u00e1l k\u00fcl\u00f6nleges gasztron\u00f3miai \u00e9lm\u00e9nyeket. Az \u00e9tterem friss, helyi alapanyagokb\u00f3l k\u00e9sz\u00edtett \u00e9telekkel \u00e9s bar\u00e1ts\u00e1gos kiszolg\u00e1l\u00e1ssal v\u00e1rja vend\u00e9geit. Az \u00e9tlapr\u00f3l nem hi\u00e1nyoznak a klasszikus magyar fog\u00e1sok, p\u00e9ld\u00e1ul a guly\u00e1sleves, a hal\u00e1szl\u00e9 vagy a h\u00e1zi k\u00e9sz\u00edt\u00e9s\u0171 desszertek. Az \u00e9tterem terasz\u00e1r\u00f3l leny\u0171g\u00f6z\u0151 [&hellip;]<\/p>","protected":false},"author":1,"featured_media":0,"parent":0,"menu_order":0,"comment_status":"closed","ping_status":"closed","template":"elementor_header_footer","meta":{"footnotes":""},"class_list":["post-220","page","type-page","status-publish","hentry"],"_links":{"self":[{"href":"https:\/\/gabi.chatasturovo.sk\/en\/wp-json\/wp\/v2\/pages\/220","targetHints":{"allow":["GET"]}}],"collection":[{"href":"https:\/\/gabi.chatasturovo.sk\/en\/wp-json\/wp\/v2\/pages"}],"about":[{"href":"https:\/\/gabi.chatasturovo.sk\/en\/wp-json\/wp\/v2\/types\/page"}],"author":[{"embeddable":true,"href":"https:\/\/gabi.chatasturovo.sk\/en\/wp-json\/wp\/v2\/users\/1"}],"replies":[{"embeddable":true,"href":"https:\/\/gabi.chatasturovo.sk\/en\/wp-json\/wp\/v2\/comments?post=220"}],"version-history":[{"count":22,"href":"https:\/\/gabi.chatasturovo.sk\/en\/wp-json\/wp\/v2\/pages\/220\/revisions"}],"predecessor-version":[{"id":596,"href":"https:\/\/gabi.chatasturovo.sk\/en\/wp-json\/wp\/v2\/pages\/220\/revisions\/596"}],"wp:attachment":[{"href":"https:\/\/gabi.chatasturovo.sk\/en\/wp-json\/wp\/v2\/media?parent=220"}],"curies":[{"name":"wp","href":"https:\/\/api.w.org\/{rel}","templated":true}]}}