{"id":228,"date":"2025-01-11T18:41:35","date_gmt":"2025-01-11T17:41:35","guid":{"rendered":"https:\/\/gabi.chatasturovo.sk\/?page_id=228"},"modified":"2025-01-13T19:13:08","modified_gmt":"2025-01-13T18:13:08","slug":"malom-etterem","status":"publish","type":"page","link":"https:\/\/gabi.chatasturovo.sk\/en\/malom-etterem\/","title":{"rendered":"Mill Restaurant"},"content":{"rendered":"<div data-elementor-type=\"wp-page\" data-elementor-id=\"228\" class=\"elementor elementor-228\">\n\t\t\t\t<div class=\"elementor-element elementor-element-606f736 e-flex e-con-boxed e-con e-parent\" data-id=\"606f736\" data-element_type=\"container\">\n\t\t\t\t\t<div class=\"e-con-inner\">\n\t\t\t\t<div class=\"elementor-element elementor-element-66f40e3 elementor-widget elementor-widget-spacer\" data-id=\"66f40e3\" data-element_type=\"widget\" data-widget_type=\"spacer.default\">\n\t\t\t\t<div class=\"elementor-widget-container\">\n\t\t\t\t\t\t\t<div class=\"elementor-spacer\">\n\t\t\t<div class=\"elementor-spacer-inner\"><\/div>\n\t\t<\/div>\n\t\t\t\t\t\t<\/div>\n\t\t\t\t<\/div>\n\t\t<div class=\"elementor-element elementor-element-175d2b6 e-con-full e-flex e-con e-child\" data-id=\"175d2b6\" data-element_type=\"container\">\n\t\t\t\t<div class=\"elementor-element elementor-element-894ddb5 elementor-widget elementor-widget-heading\" data-id=\"894ddb5\" data-element_type=\"widget\" data-widget_type=\"heading.default\">\n\t\t\t\t<div class=\"elementor-widget-container\">\n\t\t\t\t\t<h1 class=\"elementor-heading-title elementor-size-default\">Mill Restaurant<\/h1>\t\t\t\t<\/div>\n\t\t\t\t<\/div>\n\t\t\t\t<\/div>\n\t\t\t\t\t<\/div>\n\t\t\t\t<\/div>\n\t\t<div class=\"elementor-element elementor-element-ab94e4c e-grid e-con-boxed e-con e-parent\" data-id=\"ab94e4c\" data-element_type=\"container\">\n\t\t\t\t\t<div class=\"e-con-inner\">\n\t\t\t\t<div class=\"elementor-element elementor-element-cfc1ebf elementor-widget elementor-widget-image\" data-id=\"cfc1ebf\" data-element_type=\"widget\" data-widget_type=\"image.default\">\n\t\t\t\t<div class=\"elementor-widget-container\">\n\t\t\t\t\t\t\t\t\t\t\t\t\t\t\t<img fetchpriority=\"high\" decoding=\"async\" width=\"1024\" height=\"683\" src=\"https:\/\/gabi.chatasturovo.sk\/wp-content\/uploads\/2025\/01\/mlynyy.jpg\" class=\"attachment-large size-large wp-image-597\" alt=\"\" srcset=\"https:\/\/gabi.chatasturovo.sk\/wp-content\/uploads\/2025\/01\/mlynyy.jpg 1024w, https:\/\/gabi.chatasturovo.sk\/wp-content\/uploads\/2025\/01\/mlynyy-300x200.jpg 300w, https:\/\/gabi.chatasturovo.sk\/wp-content\/uploads\/2025\/01\/mlynyy-768x512.jpg 768w, https:\/\/gabi.chatasturovo.sk\/wp-content\/uploads\/2025\/01\/mlynyy-750x500.jpg 750w\" sizes=\"(max-width: 678px) 100vw, 678px\" \/>\t\t\t\t\t\t\t\t\t\t\t\t\t\t\t<\/div>\n\t\t\t\t<\/div>\n\t\t\t\t<div class=\"elementor-element elementor-element-8656155 elementor-widget elementor-widget-text-editor\" data-id=\"8656155\" data-element_type=\"widget\" data-widget_type=\"text-editor.default\">\n\t\t\t\t<div class=\"elementor-widget-container\">\n\t\t\t\t\t\t\t\t\t<p>A dunaradv\u00e1nyi malom \u00e9tterem egy egyedi hangulat\u00fa hely, amely egy fel\u00faj\u00edtott, t\u00f6rt\u00e9nelmi malom \u00e9p\u00fclet\u00e9ben m\u0171k\u00f6dik.<\/p><p>Az \u00e9tterem a tradicion\u00e1lis \u00e9s modern konyha \u00edzeit \u00f6tv\u00f6zi, friss, helyi alapanyagok felhaszn\u00e1l\u00e1s\u00e1val.<\/p><p>Az autentikus bels\u0151 t\u00e9r \u00e9s a rusztikus berendez\u00e9s k\u00fcl\u00f6nleges \u00e9lm\u00e9nyt ny\u00fajt a vend\u00e9gek sz\u00e1m\u00e1ra.<\/p><p>A malom \u00e9tterem terasza ide\u00e1lis helysz\u00edn a term\u00e9szet k\u00f6zels\u00e9g\u00e9ben t\u00f6rt\u00e9n\u0151 \u00e9tkez\u00e9shez, csod\u00e1s kil\u00e1t\u00e1ssal a k\u00f6rnyez\u0151 t\u00e1jra.<\/p><p>Az \u00e9tterem n\u00e9pszer\u0171 a helyiek \u00e9s a turist\u00e1k k\u00f6r\u00e9ben is, akik \u00e9rt\u00e9kelik a min\u0151s\u00e9gi \u00e9teleket \u00e9s a csal\u00e1dias kiszolg\u00e1l\u00e1st.<\/p><p>https:\/\/www.facebook.com\/profile.php?id=100063585700276<\/p>\t\t\t\t\t\t\t\t<\/div>\n\t\t\t\t<\/div>\n\t\t\t\t\t<\/div>\n\t\t\t\t<\/div>\n\t\t<div class=\"elementor-element elementor-element-b9aa9b1 e-flex e-con-boxed e-con e-parent\" data-id=\"b9aa9b1\" data-element_type=\"container\">\n\t\t\t\t\t<div class=\"e-con-inner\">\n\t\t\t\t<div class=\"elementor-element elementor-element-8221ad7 elementor-widget elementor-widget-spacer\" data-id=\"8221ad7\" data-element_type=\"widget\" data-widget_type=\"spacer.default\">\n\t\t\t\t<div class=\"elementor-widget-container\">\n\t\t\t\t\t\t\t<div class=\"elementor-spacer\">\n\t\t\t<div class=\"elementor-spacer-inner\"><\/div>\n\t\t<\/div>\n\t\t\t\t\t\t<\/div>\n\t\t\t\t<\/div>\n\t\t\t\t\t<\/div>\n\t\t\t\t<\/div>\n\t\t\t\t<\/div>","protected":false},"excerpt":{"rendered":"<p>Malom \u00e9tterem A dunaradv\u00e1nyi malom \u00e9tterem egy egyedi hangulat\u00fa hely, amely egy fel\u00faj\u00edtott, t\u00f6rt\u00e9nelmi malom \u00e9p\u00fclet\u00e9ben m\u0171k\u00f6dik. Az \u00e9tterem a tradicion\u00e1lis \u00e9s modern konyha \u00edzeit \u00f6tv\u00f6zi, friss, helyi alapanyagok felhaszn\u00e1l\u00e1s\u00e1val. Az autentikus bels\u0151 t\u00e9r \u00e9s a rusztikus berendez\u00e9s k\u00fcl\u00f6nleges \u00e9lm\u00e9nyt ny\u00fajt a vend\u00e9gek sz\u00e1m\u00e1ra. A malom \u00e9tterem terasza ide\u00e1lis helysz\u00edn a term\u00e9szet k\u00f6zels\u00e9g\u00e9ben t\u00f6rt\u00e9n\u0151 \u00e9tkez\u00e9shez, [&hellip;]<\/p>","protected":false},"author":1,"featured_media":0,"parent":0,"menu_order":0,"comment_status":"closed","ping_status":"closed","template":"elementor_header_footer","meta":{"footnotes":""},"class_list":["post-228","page","type-page","status-publish","hentry"],"_links":{"self":[{"href":"https:\/\/gabi.chatasturovo.sk\/en\/wp-json\/wp\/v2\/pages\/228","targetHints":{"allow":["GET"]}}],"collection":[{"href":"https:\/\/gabi.chatasturovo.sk\/en\/wp-json\/wp\/v2\/pages"}],"about":[{"href":"https:\/\/gabi.chatasturovo.sk\/en\/wp-json\/wp\/v2\/types\/page"}],"author":[{"embeddable":true,"href":"https:\/\/gabi.chatasturovo.sk\/en\/wp-json\/wp\/v2\/users\/1"}],"replies":[{"embeddable":true,"href":"https:\/\/gabi.chatasturovo.sk\/en\/wp-json\/wp\/v2\/comments?post=228"}],"version-history":[{"count":13,"href":"https:\/\/gabi.chatasturovo.sk\/en\/wp-json\/wp\/v2\/pages\/228\/revisions"}],"predecessor-version":[{"id":600,"href":"https:\/\/gabi.chatasturovo.sk\/en\/wp-json\/wp\/v2\/pages\/228\/revisions\/600"}],"wp:attachment":[{"href":"https:\/\/gabi.chatasturovo.sk\/en\/wp-json\/wp\/v2\/media?parent=228"}],"curies":[{"name":"wp","href":"https:\/\/api.w.org\/{rel}","templated":true}]}}