{"id":233,"date":"2025-01-11T18:42:53","date_gmt":"2025-01-11T17:42:53","guid":{"rendered":"https:\/\/gabi.chatasturovo.sk\/?page_id=233"},"modified":"2025-01-13T19:14:24","modified_gmt":"2025-01-13T18:14:24","slug":"atilla-malom","status":"publish","type":"page","link":"https:\/\/gabi.chatasturovo.sk\/en\/atilla-malom\/","title":{"rendered":"Attila&#039;s mill"},"content":{"rendered":"<div data-elementor-type=\"wp-page\" data-elementor-id=\"233\" class=\"elementor elementor-233\">\n\t\t\t\t<div class=\"elementor-element elementor-element-606f736 e-flex e-con-boxed e-con e-parent\" data-id=\"606f736\" data-element_type=\"container\">\n\t\t\t\t\t<div class=\"e-con-inner\">\n\t\t\t\t<div class=\"elementor-element elementor-element-66f40e3 elementor-widget elementor-widget-spacer\" data-id=\"66f40e3\" data-element_type=\"widget\" data-widget_type=\"spacer.default\">\n\t\t\t\t<div class=\"elementor-widget-container\">\n\t\t\t\t\t\t\t<div class=\"elementor-spacer\">\n\t\t\t<div class=\"elementor-spacer-inner\"><\/div>\n\t\t<\/div>\n\t\t\t\t\t\t<\/div>\n\t\t\t\t<\/div>\n\t\t<div class=\"elementor-element elementor-element-175d2b6 e-con-full e-flex e-con e-child\" data-id=\"175d2b6\" data-element_type=\"container\">\n\t\t\t\t<div class=\"elementor-element elementor-element-894ddb5 elementor-widget elementor-widget-heading\" data-id=\"894ddb5\" data-element_type=\"widget\" data-widget_type=\"heading.default\">\n\t\t\t\t<div class=\"elementor-widget-container\">\n\t\t\t\t\t<h1 class=\"elementor-heading-title elementor-size-default\">Attila Malom<\/h1>\t\t\t\t<\/div>\n\t\t\t\t<\/div>\n\t\t\t\t<\/div>\n\t\t\t\t\t<\/div>\n\t\t\t\t<\/div>\n\t\t<div class=\"elementor-element elementor-element-ab94e4c e-grid e-con-boxed e-con e-parent\" data-id=\"ab94e4c\" data-element_type=\"container\">\n\t\t\t\t\t<div class=\"e-con-inner\">\n\t\t\t\t<div class=\"elementor-element elementor-element-cfc1ebf elementor-widget elementor-widget-image\" data-id=\"cfc1ebf\" data-element_type=\"widget\" data-widget_type=\"image.default\">\n\t\t\t\t<div class=\"elementor-widget-container\">\n\t\t\t\t\t\t\t\t\t\t\t\t\t\t\t<img fetchpriority=\"high\" decoding=\"async\" width=\"640\" height=\"480\" src=\"https:\/\/gabi.chatasturovo.sk\/wp-content\/uploads\/2025\/01\/Bucs-attil-malom.jpg\" class=\"attachment-large size-large wp-image-601\" alt=\"\" srcset=\"https:\/\/gabi.chatasturovo.sk\/wp-content\/uploads\/2025\/01\/Bucs-attil-malom.jpg 640w, https:\/\/gabi.chatasturovo.sk\/wp-content\/uploads\/2025\/01\/Bucs-attil-malom-300x225.jpg 300w\" sizes=\"(max-width: 640px) 100vw, 640px\" \/>\t\t\t\t\t\t\t\t\t\t\t\t\t\t\t<\/div>\n\t\t\t\t<\/div>\n\t\t\t\t<div class=\"elementor-element elementor-element-8656155 elementor-widget elementor-widget-text-editor\" data-id=\"8656155\" data-element_type=\"widget\" data-widget_type=\"text-editor.default\">\n\t\t\t\t<div class=\"elementor-widget-container\">\n\t\t\t\t\t\t\t\t\t<p>Az Attila malom B\u00facs k\u00f6zs\u00e9g egyik k\u00fcl\u00f6nleges nevezetess\u00e9ge, amely a hely t\u00f6rt\u00e9nelmi \u00e9s kultur\u00e1lis \u00f6r\u00f6ks\u00e9g\u00e9t \u0151rzi.<\/p><p>Az \u00e9p\u00fclet egykor fontos szerepet j\u00e1tszott a helyi gabona feldolgoz\u00e1s\u00e1ban, ma pedig fel\u00faj\u00edtva l\u00e1togathat\u00f3, bemutatva a r\u00e9gi malomipar m\u0171k\u00f6d\u00e9s\u00e9t.<\/p><p>A malom k\u00f6rny\u00e9ke idilli, term\u00e9szetk\u00f6zeli k\u00f6rnyezetet k\u00edn\u00e1l, ide\u00e1lis helysz\u00ednt biztos\u00edtva pihen\u00e9sre \u00e9s kir\u00e1ndul\u00e1sra.<\/p><p>Az Attila malom sz\u00e1mos esem\u00e9nynek \u00e9s programnak ad otthont, amelyek a helyi hagyom\u00e1nyokat \u00e9s k\u00e9zm\u0171vess\u00e9get n\u00e9pszer\u0171s\u00edtik.<\/p><p>Ez a b\u00e1jos helysz\u00edn t\u00f6k\u00e9letes v\u00e1laszt\u00e1s mindazok sz\u00e1m\u00e1ra, akik szeretn\u00e9k megismerni B\u00facs t\u00f6rt\u00e9nelm\u00e9t \u00e9s a vid\u00e9ki \u00e9let sz\u00e9ps\u00e9geit.<\/p><p>https:\/\/www.facebook.com\/attilamalombucs<\/p>\t\t\t\t\t\t\t\t<\/div>\n\t\t\t\t<\/div>\n\t\t\t\t\t<\/div>\n\t\t\t\t<\/div>\n\t\t<div class=\"elementor-element elementor-element-b9aa9b1 e-flex e-con-boxed e-con e-parent\" data-id=\"b9aa9b1\" data-element_type=\"container\">\n\t\t\t\t\t<div class=\"e-con-inner\">\n\t\t\t\t<div class=\"elementor-element elementor-element-8221ad7 elementor-widget elementor-widget-spacer\" data-id=\"8221ad7\" data-element_type=\"widget\" data-widget_type=\"spacer.default\">\n\t\t\t\t<div class=\"elementor-widget-container\">\n\t\t\t\t\t\t\t<div class=\"elementor-spacer\">\n\t\t\t<div class=\"elementor-spacer-inner\"><\/div>\n\t\t<\/div>\n\t\t\t\t\t\t<\/div>\n\t\t\t\t<\/div>\n\t\t\t\t\t<\/div>\n\t\t\t\t<\/div>\n\t\t\t\t<\/div>","protected":false},"excerpt":{"rendered":"<p>Attila Malom Az Attila malom B\u00facs k\u00f6zs\u00e9g egyik k\u00fcl\u00f6nleges nevezetess\u00e9ge, amely a hely t\u00f6rt\u00e9nelmi \u00e9s kultur\u00e1lis \u00f6r\u00f6ks\u00e9g\u00e9t \u0151rzi. Az \u00e9p\u00fclet egykor fontos szerepet j\u00e1tszott a helyi gabona feldolgoz\u00e1s\u00e1ban, ma pedig fel\u00faj\u00edtva l\u00e1togathat\u00f3, bemutatva a r\u00e9gi malomipar m\u0171k\u00f6d\u00e9s\u00e9t. A malom k\u00f6rny\u00e9ke idilli, term\u00e9szetk\u00f6zeli k\u00f6rnyezetet k\u00edn\u00e1l, ide\u00e1lis helysz\u00ednt biztos\u00edtva pihen\u00e9sre \u00e9s kir\u00e1ndul\u00e1sra. Az Attila malom sz\u00e1mos esem\u00e9nynek [&hellip;]<\/p>","protected":false},"author":1,"featured_media":0,"parent":0,"menu_order":0,"comment_status":"closed","ping_status":"closed","template":"elementor_header_footer","meta":{"footnotes":""},"class_list":["post-233","page","type-page","status-publish","hentry"],"_links":{"self":[{"href":"https:\/\/gabi.chatasturovo.sk\/en\/wp-json\/wp\/v2\/pages\/233","targetHints":{"allow":["GET"]}}],"collection":[{"href":"https:\/\/gabi.chatasturovo.sk\/en\/wp-json\/wp\/v2\/pages"}],"about":[{"href":"https:\/\/gabi.chatasturovo.sk\/en\/wp-json\/wp\/v2\/types\/page"}],"author":[{"embeddable":true,"href":"https:\/\/gabi.chatasturovo.sk\/en\/wp-json\/wp\/v2\/users\/1"}],"replies":[{"embeddable":true,"href":"https:\/\/gabi.chatasturovo.sk\/en\/wp-json\/wp\/v2\/comments?post=233"}],"version-history":[{"count":20,"href":"https:\/\/gabi.chatasturovo.sk\/en\/wp-json\/wp\/v2\/pages\/233\/revisions"}],"predecessor-version":[{"id":604,"href":"https:\/\/gabi.chatasturovo.sk\/en\/wp-json\/wp\/v2\/pages\/233\/revisions\/604"}],"wp:attachment":[{"href":"https:\/\/gabi.chatasturovo.sk\/en\/wp-json\/wp\/v2\/media?parent=233"}],"curies":[{"name":"wp","href":"https:\/\/api.w.org\/{rel}","templated":true}]}}