{"id":243,"date":"2025-01-11T18:44:54","date_gmt":"2025-01-11T17:44:54","guid":{"rendered":"https:\/\/gabi.chatasturovo.sk\/?page_id=243"},"modified":"2025-01-13T19:17:05","modified_gmt":"2025-01-13T18:17:05","slug":"klass-bistro","status":"publish","type":"page","link":"https:\/\/gabi.chatasturovo.sk\/en\/klass-bistro\/","title":{"rendered":"Classy bistro"},"content":{"rendered":"<div data-elementor-type=\"wp-page\" data-elementor-id=\"243\" class=\"elementor elementor-243\">\n\t\t\t\t<div class=\"elementor-element elementor-element-606f736 e-flex e-con-boxed e-con e-parent\" data-id=\"606f736\" data-element_type=\"container\">\n\t\t\t\t\t<div class=\"e-con-inner\">\n\t\t\t\t<div class=\"elementor-element elementor-element-66f40e3 elementor-widget elementor-widget-spacer\" data-id=\"66f40e3\" data-element_type=\"widget\" data-widget_type=\"spacer.default\">\n\t\t\t\t<div class=\"elementor-widget-container\">\n\t\t\t\t\t\t\t<div class=\"elementor-spacer\">\n\t\t\t<div class=\"elementor-spacer-inner\"><\/div>\n\t\t<\/div>\n\t\t\t\t\t\t<\/div>\n\t\t\t\t<\/div>\n\t\t<div class=\"elementor-element elementor-element-175d2b6 e-con-full e-flex e-con e-child\" data-id=\"175d2b6\" data-element_type=\"container\">\n\t\t\t\t<div class=\"elementor-element elementor-element-894ddb5 elementor-widget elementor-widget-heading\" data-id=\"894ddb5\" data-element_type=\"widget\" data-widget_type=\"heading.default\">\n\t\t\t\t<div class=\"elementor-widget-container\">\n\t\t\t\t\t<h1 class=\"elementor-heading-title elementor-size-default\">Klass bistro \u00e9s \u00e9tterem<\/h1>\t\t\t\t<\/div>\n\t\t\t\t<\/div>\n\t\t\t\t<\/div>\n\t\t\t\t\t<\/div>\n\t\t\t\t<\/div>\n\t\t<div class=\"elementor-element elementor-element-ab94e4c e-grid e-con-boxed e-con e-parent\" data-id=\"ab94e4c\" data-element_type=\"container\">\n\t\t\t\t\t<div class=\"e-con-inner\">\n\t\t\t\t<div class=\"elementor-element elementor-element-cfc1ebf elementor-widget elementor-widget-image\" data-id=\"cfc1ebf\" data-element_type=\"widget\" data-widget_type=\"image.default\">\n\t\t\t\t<div class=\"elementor-widget-container\">\n\t\t\t\t\t\t\t\t\t\t\t\t\t\t\t<img fetchpriority=\"high\" decoding=\"async\" width=\"494\" height=\"500\" src=\"https:\/\/gabi.chatasturovo.sk\/wp-content\/uploads\/2025\/01\/klass-uj.jpg\" class=\"attachment-large size-large wp-image-609\" alt=\"\" srcset=\"https:\/\/gabi.chatasturovo.sk\/wp-content\/uploads\/2025\/01\/klass-uj.jpg 494w, https:\/\/gabi.chatasturovo.sk\/wp-content\/uploads\/2025\/01\/klass-uj-296x300.jpg 296w, https:\/\/gabi.chatasturovo.sk\/wp-content\/uploads\/2025\/01\/klass-uj-90x90.jpg 90w\" sizes=\"(max-width: 494px) 100vw, 494px\" \/>\t\t\t\t\t\t\t\t\t\t\t\t\t\t\t<\/div>\n\t\t\t\t<\/div>\n\t\t\t\t<div class=\"elementor-element elementor-element-8656155 elementor-widget elementor-widget-text-editor\" data-id=\"8656155\" data-element_type=\"widget\" data-widget_type=\"text-editor.default\">\n\t\t\t\t<div class=\"elementor-widget-container\">\n\t\t\t\t\t\t\t\t\t<p>A marcelh\u00e1zi Klass Bistro modern \u00e9s st\u00edlusos \u00e9tterem, amely v\u00e1ltozatos \u00e9telk\u00edn\u00e1lat\u00e1val v\u00e1rja a vend\u00e9geket.<\/p><p>Az \u00e9tterem friss, szezon\u00e1lis alapanyagokb\u00f3l k\u00e9sz\u00fclt \u00e9teleket k\u00edn\u00e1l, \u00f6tv\u00f6zve a nemzetk\u00f6zi konyha \u00edzeit a helyi specialit\u00e1sokkal.<\/p><p>A Klass Bistro hangulatos bels\u0151 tere \u00e9s bar\u00e1ts\u00e1gos l\u00e9gk\u00f6re ide\u00e1lis helysz\u00edn csal\u00e1di vacsor\u00e1khoz, bar\u00e1ti \u00f6sszej\u00f6vetelekhez vagy romantikus alkalmakhoz.<\/p><p>A bistro k\u00edn\u00e1lat\u00e1ban nemcsak f\u0151\u00e9telek, hanem \u00ednycsikland\u00f3 desszertek \u00e9s kiv\u00e1l\u00f3 borok is megtal\u00e1lhat\u00f3k, amelyek t\u00f6k\u00e9letesen kieg\u00e9sz\u00edtik az \u00e9tkez\u00e9seket.<\/p><p>A marcelh\u00e1zi Klass Bistro a min\u0151s\u00e9gi gasztron\u00f3mia \u00e9s a vend\u00e9gszeretet t\u00f6k\u00e9letes p\u00e9ld\u00e1ja, amely minden l\u00e1togat\u00f3t visszav\u00e1r.<\/p><p>https:\/\/www.facebook.com\/profile.php?id=100064228535913<\/p>\t\t\t\t\t\t\t\t<\/div>\n\t\t\t\t<\/div>\n\t\t\t\t\t<\/div>\n\t\t\t\t<\/div>\n\t\t<div class=\"elementor-element elementor-element-b9aa9b1 e-flex e-con-boxed e-con e-parent\" data-id=\"b9aa9b1\" data-element_type=\"container\">\n\t\t\t\t\t<div class=\"e-con-inner\">\n\t\t\t\t<div class=\"elementor-element elementor-element-8221ad7 elementor-widget elementor-widget-spacer\" data-id=\"8221ad7\" data-element_type=\"widget\" data-widget_type=\"spacer.default\">\n\t\t\t\t<div class=\"elementor-widget-container\">\n\t\t\t\t\t\t\t<div class=\"elementor-spacer\">\n\t\t\t<div class=\"elementor-spacer-inner\"><\/div>\n\t\t<\/div>\n\t\t\t\t\t\t<\/div>\n\t\t\t\t<\/div>\n\t\t\t\t\t<\/div>\n\t\t\t\t<\/div>\n\t\t\t\t<\/div>","protected":false},"excerpt":{"rendered":"<p>Klass bistro \u00e9s \u00e9tterem A marcelh\u00e1zi Klass Bistro modern \u00e9s st\u00edlusos \u00e9tterem, amely v\u00e1ltozatos \u00e9telk\u00edn\u00e1lat\u00e1val v\u00e1rja a vend\u00e9geket. Az \u00e9tterem friss, szezon\u00e1lis alapanyagokb\u00f3l k\u00e9sz\u00fclt \u00e9teleket k\u00edn\u00e1l, \u00f6tv\u00f6zve a nemzetk\u00f6zi konyha \u00edzeit a helyi specialit\u00e1sokkal. A Klass Bistro hangulatos bels\u0151 tere \u00e9s bar\u00e1ts\u00e1gos l\u00e9gk\u00f6re ide\u00e1lis helysz\u00edn csal\u00e1di vacsor\u00e1khoz, bar\u00e1ti \u00f6sszej\u00f6vetelekhez vagy romantikus alkalmakhoz. A bistro k\u00edn\u00e1lat\u00e1ban [&hellip;]<\/p>","protected":false},"author":1,"featured_media":0,"parent":0,"menu_order":0,"comment_status":"closed","ping_status":"closed","template":"elementor_header_footer","meta":{"footnotes":""},"class_list":["post-243","page","type-page","status-publish","hentry"],"_links":{"self":[{"href":"https:\/\/gabi.chatasturovo.sk\/en\/wp-json\/wp\/v2\/pages\/243","targetHints":{"allow":["GET"]}}],"collection":[{"href":"https:\/\/gabi.chatasturovo.sk\/en\/wp-json\/wp\/v2\/pages"}],"about":[{"href":"https:\/\/gabi.chatasturovo.sk\/en\/wp-json\/wp\/v2\/types\/page"}],"author":[{"embeddable":true,"href":"https:\/\/gabi.chatasturovo.sk\/en\/wp-json\/wp\/v2\/users\/1"}],"replies":[{"embeddable":true,"href":"https:\/\/gabi.chatasturovo.sk\/en\/wp-json\/wp\/v2\/comments?post=243"}],"version-history":[{"count":16,"href":"https:\/\/gabi.chatasturovo.sk\/en\/wp-json\/wp\/v2\/pages\/243\/revisions"}],"predecessor-version":[{"id":612,"href":"https:\/\/gabi.chatasturovo.sk\/en\/wp-json\/wp\/v2\/pages\/243\/revisions\/612"}],"wp:attachment":[{"href":"https:\/\/gabi.chatasturovo.sk\/en\/wp-json\/wp\/v2\/media?parent=243"}],"curies":[{"name":"wp","href":"https:\/\/api.w.org\/{rel}","templated":true}]}}