{"id":248,"date":"2025-01-11T18:45:43","date_gmt":"2025-01-11T17:45:43","guid":{"rendered":"https:\/\/gabi.chatasturovo.sk\/?page_id=248"},"modified":"2025-01-12T16:10:44","modified_gmt":"2025-01-12T15:10:44","slug":"danube","status":"publish","type":"page","link":"https:\/\/gabi.chatasturovo.sk\/en\/danube\/","title":{"rendered":"DANUBE"},"content":{"rendered":"<div data-elementor-type=\"wp-page\" data-elementor-id=\"248\" class=\"elementor elementor-248\">\n\t\t\t\t<div class=\"elementor-element elementor-element-606f736 e-flex e-con-boxed e-con e-parent\" data-id=\"606f736\" data-element_type=\"container\">\n\t\t\t\t\t<div class=\"e-con-inner\">\n\t\t\t\t<div class=\"elementor-element elementor-element-66f40e3 elementor-widget elementor-widget-spacer\" data-id=\"66f40e3\" data-element_type=\"widget\" data-widget_type=\"spacer.default\">\n\t\t\t\t<div class=\"elementor-widget-container\">\n\t\t\t\t\t\t\t<div class=\"elementor-spacer\">\n\t\t\t<div class=\"elementor-spacer-inner\"><\/div>\n\t\t<\/div>\n\t\t\t\t\t\t<\/div>\n\t\t\t\t<\/div>\n\t\t<div class=\"elementor-element elementor-element-687aee6 e-con-full e-flex e-con e-child\" data-id=\"687aee6\" data-element_type=\"container\">\n\t\t\t\t<div class=\"elementor-element elementor-element-c21f975 elementor-widget elementor-widget-heading\" data-id=\"c21f975\" data-element_type=\"widget\" data-widget_type=\"heading.default\">\n\t\t\t\t<div class=\"elementor-widget-container\">\n\t\t\t\t\t<h2 class=\"elementor-heading-title elementor-size-default\">DANUBE<\/h2>\t\t\t\t<\/div>\n\t\t\t\t<\/div>\n\t\t\t\t<\/div>\n\t\t\t\t\t<\/div>\n\t\t\t\t<\/div>\n\t\t<div class=\"elementor-element elementor-element-ab94e4c e-grid e-con-boxed e-con e-parent\" data-id=\"ab94e4c\" data-element_type=\"container\">\n\t\t\t\t\t<div class=\"e-con-inner\">\n\t\t\t\t<div class=\"elementor-element elementor-element-cfc1ebf elementor-widget elementor-widget-image\" data-id=\"cfc1ebf\" data-element_type=\"widget\" data-widget_type=\"image.default\">\n\t\t\t\t<div class=\"elementor-widget-container\">\n\t\t\t\t\t\t\t\t\t\t\t\t\t\t\t<img fetchpriority=\"high\" decoding=\"async\" width=\"1024\" height=\"576\" src=\"https:\/\/gabi.chatasturovo.sk\/wp-content\/uploads\/2025\/01\/kollazs-1024x576.jpg\" class=\"attachment-large size-large wp-image-495\" alt=\"\" srcset=\"https:\/\/gabi.chatasturovo.sk\/wp-content\/uploads\/2025\/01\/kollazs-1024x576.jpg 1024w, https:\/\/gabi.chatasturovo.sk\/wp-content\/uploads\/2025\/01\/kollazs-300x169.jpg 300w, https:\/\/gabi.chatasturovo.sk\/wp-content\/uploads\/2025\/01\/kollazs-768x432.jpg 768w, https:\/\/gabi.chatasturovo.sk\/wp-content\/uploads\/2025\/01\/kollazs-750x422.jpg 750w, https:\/\/gabi.chatasturovo.sk\/wp-content\/uploads\/2025\/01\/kollazs-1140x641.jpg 1140w, https:\/\/gabi.chatasturovo.sk\/wp-content\/uploads\/2025\/01\/kollazs.jpg 1152w\" sizes=\"(max-width: 678px) 100vw, 678px\" \/>\t\t\t\t\t\t\t\t\t\t\t\t\t\t\t<\/div>\n\t\t\t\t<\/div>\n\t\t\t\t<div class=\"elementor-element elementor-element-8656155 elementor-widget elementor-widget-text-editor\" data-id=\"8656155\" data-element_type=\"widget\" data-widget_type=\"text-editor.default\">\n\t\t\t\t<div class=\"elementor-widget-container\">\n\t\t\t\t\t\t\t\t\t<p>This Danube-side house offers wonderful views of the river and boasts direct waterfront access.<\/p><p>The spacious terrace is an ideal spot for morning coffee or evening sunset viewing.<\/p><p>The modern interior of the house provides a homely atmosphere with a comfortable layout and natural materials.<\/p><p>At the end of the garden there is a private marina and a relaxation area, perfect for gatherings with friends or for water sports enthusiasts.<\/p><p>This house not only offers peace and closeness to nature, but also a great starting point for exploring the area, whether it&#039;s hiking or fishing.<\/p>\t\t\t\t\t\t\t\t<\/div>\n\t\t\t\t<\/div>\n\t\t\t\t\t<\/div>\n\t\t\t\t<\/div>\n\t\t<div class=\"elementor-element elementor-element-b9aa9b1 e-flex e-con-boxed e-con e-parent\" data-id=\"b9aa9b1\" data-element_type=\"container\">\n\t\t\t\t\t<div class=\"e-con-inner\">\n\t\t\t\t<div class=\"elementor-element elementor-element-8221ad7 elementor-widget elementor-widget-spacer\" data-id=\"8221ad7\" data-element_type=\"widget\" data-widget_type=\"spacer.default\">\n\t\t\t\t<div class=\"elementor-widget-container\">\n\t\t\t\t\t\t\t<div class=\"elementor-spacer\">\n\t\t\t<div class=\"elementor-spacer-inner\"><\/div>\n\t\t<\/div>\n\t\t\t\t\t\t<\/div>\n\t\t\t\t<\/div>\n\t\t\t\t\t<\/div>\n\t\t\t\t<\/div>\n\t\t\t\t<\/div>","protected":false},"excerpt":{"rendered":"<p>DANUBE Ez a Duna-parti h\u00e1z csod\u00e1latos kil\u00e1t\u00e1st ny\u00fajt a foly\u00f3ra, \u00e9s k\u00f6zvetlen v\u00edzparti hozz\u00e1f\u00e9r\u00e9ssel b\u00fcszk\u00e9lkedhet. A t\u00e1gas terasz ide\u00e1lis helysz\u00ednt k\u00edn\u00e1l a reggeli k\u00e1v\u00e9z\u00e1shoz vagy az esti naplemente megcsod\u00e1l\u00e1s\u00e1hoz. A h\u00e1z modern bels\u0151 tere k\u00e9nyelmes elrendez\u00e9ssel \u00e9s term\u00e9szetes anyagokkal biztos\u00edt otthonos l\u00e9gk\u00f6rt. A kert v\u00e9g\u00e9ben egy priv\u00e1t kik\u00f6t\u0151 \u00e9s egy pihen\u0151hely tal\u00e1lhat\u00f3, amely t\u00f6k\u00e9letes a [&hellip;]<\/p>","protected":false},"author":1,"featured_media":0,"parent":0,"menu_order":0,"comment_status":"closed","ping_status":"closed","template":"elementor_header_footer","meta":{"footnotes":""},"class_list":["post-248","page","type-page","status-publish","hentry"],"_links":{"self":[{"href":"https:\/\/gabi.chatasturovo.sk\/en\/wp-json\/wp\/v2\/pages\/248","targetHints":{"allow":["GET"]}}],"collection":[{"href":"https:\/\/gabi.chatasturovo.sk\/en\/wp-json\/wp\/v2\/pages"}],"about":[{"href":"https:\/\/gabi.chatasturovo.sk\/en\/wp-json\/wp\/v2\/types\/page"}],"author":[{"embeddable":true,"href":"https:\/\/gabi.chatasturovo.sk\/en\/wp-json\/wp\/v2\/users\/1"}],"replies":[{"embeddable":true,"href":"https:\/\/gabi.chatasturovo.sk\/en\/wp-json\/wp\/v2\/comments?post=248"}],"version-history":[{"count":10,"href":"https:\/\/gabi.chatasturovo.sk\/en\/wp-json\/wp\/v2\/pages\/248\/revisions"}],"predecessor-version":[{"id":498,"href":"https:\/\/gabi.chatasturovo.sk\/en\/wp-json\/wp\/v2\/pages\/248\/revisions\/498"}],"wp:attachment":[{"href":"https:\/\/gabi.chatasturovo.sk\/en\/wp-json\/wp\/v2\/media?parent=248"}],"curies":[{"name":"wp","href":"https:\/\/api.w.org\/{rel}","templated":true}]}}