{"id":263,"date":"2025-01-11T18:50:14","date_gmt":"2025-01-11T17:50:14","guid":{"rendered":"https:\/\/gabi.chatasturovo.sk\/?page_id=263"},"modified":"2025-01-13T19:18:33","modified_gmt":"2025-01-13T18:18:33","slug":"komarno","status":"publish","type":"page","link":"https:\/\/gabi.chatasturovo.sk\/en\/komarno\/","title":{"rendered":"Komarno"},"content":{"rendered":"<div data-elementor-type=\"wp-page\" data-elementor-id=\"263\" class=\"elementor elementor-263\">\n\t\t\t\t<div class=\"elementor-element elementor-element-606f736 e-flex e-con-boxed e-con e-parent\" data-id=\"606f736\" data-element_type=\"container\">\n\t\t\t\t\t<div class=\"e-con-inner\">\n\t\t\t\t<div class=\"elementor-element elementor-element-66f40e3 elementor-widget elementor-widget-spacer\" data-id=\"66f40e3\" data-element_type=\"widget\" data-widget_type=\"spacer.default\">\n\t\t\t\t<div class=\"elementor-widget-container\">\n\t\t\t\t\t\t\t<div class=\"elementor-spacer\">\n\t\t\t<div class=\"elementor-spacer-inner\"><\/div>\n\t\t<\/div>\n\t\t\t\t\t\t<\/div>\n\t\t\t\t<\/div>\n\t\t<div class=\"elementor-element elementor-element-175d2b6 e-con-full e-flex e-con e-child\" data-id=\"175d2b6\" data-element_type=\"container\">\n\t\t\t\t<div class=\"elementor-element elementor-element-894ddb5 elementor-widget elementor-widget-heading\" data-id=\"894ddb5\" data-element_type=\"widget\" data-widget_type=\"heading.default\">\n\t\t\t\t<div class=\"elementor-widget-container\">\n\t\t\t\t\t<h1 class=\"elementor-heading-title elementor-size-default\">Komarno<\/h1>\t\t\t\t<\/div>\n\t\t\t\t<\/div>\n\t\t\t\t<\/div>\n\t\t\t\t\t<\/div>\n\t\t\t\t<\/div>\n\t\t<div class=\"elementor-element elementor-element-ab94e4c e-grid e-con-boxed e-con e-parent\" data-id=\"ab94e4c\" data-element_type=\"container\">\n\t\t\t\t\t<div class=\"e-con-inner\">\n\t\t\t\t<div class=\"elementor-element elementor-element-cfc1ebf elementor-widget elementor-widget-image\" data-id=\"cfc1ebf\" data-element_type=\"widget\" data-widget_type=\"image.default\">\n\t\t\t\t<div class=\"elementor-widget-container\">\n\t\t\t\t\t\t\t\t\t\t\t\t\t\t\t<img fetchpriority=\"high\" decoding=\"async\" width=\"1024\" height=\"684\" src=\"https:\/\/gabi.chatasturovo.sk\/wp-content\/uploads\/2025\/01\/komarno_002-1024x684.jpg\" class=\"attachment-large size-large wp-image-613\" alt=\"\" srcset=\"https:\/\/gabi.chatasturovo.sk\/wp-content\/uploads\/2025\/01\/komarno_002-1024x684.jpg 1024w, https:\/\/gabi.chatasturovo.sk\/wp-content\/uploads\/2025\/01\/komarno_002-300x200.jpg 300w, https:\/\/gabi.chatasturovo.sk\/wp-content\/uploads\/2025\/01\/komarno_002-768x513.jpg 768w, https:\/\/gabi.chatasturovo.sk\/wp-content\/uploads\/2025\/01\/komarno_002-750x501.jpg 750w, https:\/\/gabi.chatasturovo.sk\/wp-content\/uploads\/2025\/01\/komarno_002-1140x761.jpg 1140w, https:\/\/gabi.chatasturovo.sk\/wp-content\/uploads\/2025\/01\/komarno_002.jpg 1200w\" sizes=\"(max-width: 678px) 100vw, 678px\" \/>\t\t\t\t\t\t\t\t\t\t\t\t\t\t\t<\/div>\n\t\t\t\t<\/div>\n\t\t\t\t<div class=\"elementor-element elementor-element-8656155 elementor-widget elementor-widget-text-editor\" data-id=\"8656155\" data-element_type=\"widget\" data-widget_type=\"text-editor.default\">\n\t\t\t\t<div class=\"elementor-widget-container\">\n\t\t\t\t\t\t\t\t\t<p>Kom\u00e1rom egy t\u00f6rt\u00e9nelmi v\u00e1ros, amely a Duna k\u00e9t partj\u00e1n fekszik, \u00e9s fontos szerepet j\u00e1tszott a magyar t\u00f6rt\u00e9nelemben.<\/p><p>A v\u00e1ros legismertebb l\u00e1tv\u00e1nyoss\u00e1ga a Kom\u00e1romi Er\u0151drendszer, amely az osztr\u00e1k-magyar monarchia idej\u00e9n \u00e9p\u00fclt, \u00e9s ma m\u00fazeumk\u00e9nt is m\u0171k\u00f6dik.<\/p><p>Kom\u00e1rom gazdag kultur\u00e1lis \u00e9letet k\u00edn\u00e1l, sz\u00e1mos sz\u00ednh\u00e1zi el\u0151ad\u00e1s, fesztiv\u00e1l \u00e9s zenei rendezv\u00e9ny vonzza a l\u00e1togat\u00f3kat.<\/p><p>A v\u00e1ros k\u00f6rny\u00e9ke kiv\u00e1l\u00f3 lehet\u0151s\u00e9get biztos\u00edt a szabadid\u0151s tev\u00e9kenys\u00e9gekhez, legyen sz\u00f3 ker\u00e9kp\u00e1roz\u00e1sr\u00f3l, t\u00far\u00e1z\u00e1sr\u00f3l vagy a Duna-parti s\u00e9t\u00e1kr\u00f3l.<\/p><p>Kom\u00e1rom hangulatos belv\u00e1rosa t\u00f6rt\u00e9nelmi \u00e9p\u00fcletekkel, kis k\u00e1v\u00e9z\u00f3kkal \u00e9s \u00e9ttermekkel v\u00e1rja az \u00e9rdekl\u0151d\u0151ket, akik szeretn\u00e9k felfedezni a v\u00e1ros egyed\u00fcl\u00e1ll\u00f3 hangulat\u00e1t.<\/p><p><blockquote class=\"wp-embedded-content\" data-secret=\"hVrKpe1jJi\"><a href=\"https:\/\/komarno.sk\/hu\/\">\u00dcdv\u00f6z\u00f6lj\u00fck Kom\u00e1rom v\u00e1ros honlapj\u00e1n<\/a><\/blockquote><iframe class=\"wp-embedded-content\" sandbox=\"allow-scripts\" security=\"restricted\" style=\"position: absolute; visibility: hidden;\" title=\"&#8220;\u00dcdv\u00f6z\u00f6lj\u00fck Kom\u00e1rom v\u00e1ros honlapj\u00e1n&#8221; &#8212; Komarno\" src=\"https:\/\/komarno.sk\/hu\/embed\/#?secret=u5QmhhQYlB#?secret=hVrKpe1jJi\" data-secret=\"hVrKpe1jJi\" width=\"600\" height=\"338\" frameborder=\"0\" marginwidth=\"0\" marginheight=\"0\" scrolling=\"no\"><\/iframe><\/p>\t\t\t\t\t\t\t\t<\/div>\n\t\t\t\t<\/div>\n\t\t\t\t\t<\/div>\n\t\t\t\t<\/div>\n\t\t<div class=\"elementor-element elementor-element-b9aa9b1 e-flex e-con-boxed e-con e-parent\" data-id=\"b9aa9b1\" data-element_type=\"container\">\n\t\t\t\t\t<div class=\"e-con-inner\">\n\t\t\t\t<div class=\"elementor-element elementor-element-8221ad7 elementor-widget elementor-widget-spacer\" data-id=\"8221ad7\" data-element_type=\"widget\" data-widget_type=\"spacer.default\">\n\t\t\t\t<div class=\"elementor-widget-container\">\n\t\t\t\t\t\t\t<div class=\"elementor-spacer\">\n\t\t\t<div class=\"elementor-spacer-inner\"><\/div>\n\t\t<\/div>\n\t\t\t\t\t\t<\/div>\n\t\t\t\t<\/div>\n\t\t\t\t\t<\/div>\n\t\t\t\t<\/div>\n\t\t\t\t<\/div>","protected":false},"excerpt":{"rendered":"<p>Kom\u00e1rno Kom\u00e1rom egy t\u00f6rt\u00e9nelmi v\u00e1ros, amely a Duna k\u00e9t partj\u00e1n fekszik, \u00e9s fontos szerepet j\u00e1tszott a magyar t\u00f6rt\u00e9nelemben. A v\u00e1ros legismertebb l\u00e1tv\u00e1nyoss\u00e1ga a Kom\u00e1romi Er\u0151drendszer, amely az osztr\u00e1k-magyar monarchia idej\u00e9n \u00e9p\u00fclt, \u00e9s ma m\u00fazeumk\u00e9nt is m\u0171k\u00f6dik. Kom\u00e1rom gazdag kultur\u00e1lis \u00e9letet k\u00edn\u00e1l, sz\u00e1mos sz\u00ednh\u00e1zi el\u0151ad\u00e1s, fesztiv\u00e1l \u00e9s zenei rendezv\u00e9ny vonzza a l\u00e1togat\u00f3kat. A v\u00e1ros k\u00f6rny\u00e9ke kiv\u00e1l\u00f3 [&hellip;]<\/p>","protected":false},"author":1,"featured_media":0,"parent":0,"menu_order":0,"comment_status":"closed","ping_status":"closed","template":"elementor_header_footer","meta":{"footnotes":""},"class_list":["post-263","page","type-page","status-publish","hentry"],"_links":{"self":[{"href":"https:\/\/gabi.chatasturovo.sk\/en\/wp-json\/wp\/v2\/pages\/263","targetHints":{"allow":["GET"]}}],"collection":[{"href":"https:\/\/gabi.chatasturovo.sk\/en\/wp-json\/wp\/v2\/pages"}],"about":[{"href":"https:\/\/gabi.chatasturovo.sk\/en\/wp-json\/wp\/v2\/types\/page"}],"author":[{"embeddable":true,"href":"https:\/\/gabi.chatasturovo.sk\/en\/wp-json\/wp\/v2\/users\/1"}],"replies":[{"embeddable":true,"href":"https:\/\/gabi.chatasturovo.sk\/en\/wp-json\/wp\/v2\/comments?post=263"}],"version-history":[{"count":13,"href":"https:\/\/gabi.chatasturovo.sk\/en\/wp-json\/wp\/v2\/pages\/263\/revisions"}],"predecessor-version":[{"id":616,"href":"https:\/\/gabi.chatasturovo.sk\/en\/wp-json\/wp\/v2\/pages\/263\/revisions\/616"}],"wp:attachment":[{"href":"https:\/\/gabi.chatasturovo.sk\/en\/wp-json\/wp\/v2\/media?parent=263"}],"curies":[{"name":"wp","href":"https:\/\/api.w.org\/{rel}","templated":true}]}}