{"id":268,"date":"2025-01-11T18:51:22","date_gmt":"2025-01-11T17:51:22","guid":{"rendered":"https:\/\/gabi.chatasturovo.sk\/?page_id=268"},"modified":"2025-01-13T18:57:19","modified_gmt":"2025-01-13T17:57:19","slug":"parkany","status":"publish","type":"page","link":"https:\/\/gabi.chatasturovo.sk\/en\/parkany\/","title":{"rendered":"Ledge"},"content":{"rendered":"<div data-elementor-type=\"wp-page\" data-elementor-id=\"268\" class=\"elementor elementor-268\">\n\t\t\t\t<div class=\"elementor-element elementor-element-606f736 e-flex e-con-boxed e-con e-parent\" data-id=\"606f736\" data-element_type=\"container\">\n\t\t\t\t\t<div class=\"e-con-inner\">\n\t\t\t\t<div class=\"elementor-element elementor-element-66f40e3 elementor-widget elementor-widget-spacer\" data-id=\"66f40e3\" data-element_type=\"widget\" data-widget_type=\"spacer.default\">\n\t\t\t\t<div class=\"elementor-widget-container\">\n\t\t\t\t\t\t\t<div class=\"elementor-spacer\">\n\t\t\t<div class=\"elementor-spacer-inner\"><\/div>\n\t\t<\/div>\n\t\t\t\t\t\t<\/div>\n\t\t\t\t<\/div>\n\t\t<div class=\"elementor-element elementor-element-175d2b6 e-con-full e-flex e-con e-child\" data-id=\"175d2b6\" data-element_type=\"container\">\n\t\t\t\t<div class=\"elementor-element elementor-element-894ddb5 elementor-widget elementor-widget-heading\" data-id=\"894ddb5\" data-element_type=\"widget\" data-widget_type=\"heading.default\">\n\t\t\t\t<div class=\"elementor-widget-container\">\n\t\t\t\t\t<h1 class=\"elementor-heading-title elementor-size-default\">Ledge<\/h1>\t\t\t\t<\/div>\n\t\t\t\t<\/div>\n\t\t\t\t<\/div>\n\t\t\t\t\t<\/div>\n\t\t\t\t<\/div>\n\t\t<div class=\"elementor-element elementor-element-ab94e4c e-grid e-con-boxed e-con e-parent\" data-id=\"ab94e4c\" data-element_type=\"container\">\n\t\t\t\t\t<div class=\"e-con-inner\">\n\t\t\t\t<div class=\"elementor-element elementor-element-cfc1ebf elementor-widget elementor-widget-image\" data-id=\"cfc1ebf\" data-element_type=\"widget\" data-widget_type=\"image.default\">\n\t\t\t\t<div class=\"elementor-widget-container\">\n\t\t\t\t\t\t\t\t\t\t\t\t\t\t\t<img fetchpriority=\"high\" decoding=\"async\" width=\"300\" height=\"300\" src=\"https:\/\/gabi.chatasturovo.sk\/wp-content\/uploads\/2025\/01\/stiahnut-1-4.jpg\" class=\"attachment-large size-large wp-image-575\" alt=\"\" srcset=\"https:\/\/gabi.chatasturovo.sk\/wp-content\/uploads\/2025\/01\/stiahnut-1-4.jpg 300w, https:\/\/gabi.chatasturovo.sk\/wp-content\/uploads\/2025\/01\/stiahnut-1-4-150x150.jpg 150w, https:\/\/gabi.chatasturovo.sk\/wp-content\/uploads\/2025\/01\/stiahnut-1-4-90x90.jpg 90w\" sizes=\"(max-width: 300px) 100vw, 300px\" \/>\t\t\t\t\t\t\t\t\t\t\t\t\t\t\t<\/div>\n\t\t\t\t<\/div>\n\t\t\t\t<div class=\"elementor-element elementor-element-8656155 elementor-widget elementor-widget-text-editor\" data-id=\"8656155\" data-element_type=\"widget\" data-widget_type=\"text-editor.default\">\n\t\t\t\t<div class=\"elementor-widget-container\">\n\t\t\t\t\t\t\t\t\t<p>P\u00e1rk\u00e1ny egy fest\u0151i v\u00e1ros a Duna ment\u00e9n, amely Szlov\u00e1ki\u00e1ban tal\u00e1lhat\u00f3, k\u00f6zvetlen\u00fcl Kom\u00e1rom mellett, \u00edgy t\u00f6rt\u00e9nelmileg \u00e9s kultur\u00e1lisan szoros kapcsolatban \u00e1ll a magyar v\u00e1rossal.<\/p><p>A v\u00e1ros legismertebb nevezetess\u00e9ge a csod\u00e1latos P\u00e1rk\u00e1nyi V\u00e1r, amely a k\u00f6z\u00e9pkori \u00e9p\u00edt\u00e9szet remekm\u0171ve \u00e9s a r\u00e9gi\u00f3 egyik fontos t\u00f6rt\u00e9nelmi helysz\u00edne.<\/p><p>P\u00e1rk\u00e1ny h\u00edres a term\u00e1lf\u00fcrd\u0151ir\u0151l is, melyek a helyiek \u00e9s a turist\u00e1k sz\u00e1m\u00e1ra egyar\u00e1nt pihen\u00e9st \u00e9s kikapcsol\u00f3d\u00e1st k\u00edn\u00e1lnak.<\/p><p>A Duna-parti s\u00e9t\u00e1nyon s\u00e9t\u00e1lva leny\u0171g\u00f6z\u0151 kil\u00e1t\u00e1sban lehet r\u00e9sz\u00fcnk, mik\u00f6zben a foly\u00f3 \u00e9s a k\u00f6rnyez\u0151 t\u00e1j sz\u00e9ps\u00e9g\u00e9t csod\u00e1lhatjuk.<\/p><p>P\u00e1rk\u00e1ny kultur\u00e1lisan gazdag v\u00e1ros, sz\u00e1mos rendezv\u00e9ny, fesztiv\u00e1l \u00e9s m\u0171v\u00e9szeti program v\u00e1rja az ide l\u00e1togat\u00f3kat, akik szeretn\u00e9k megismerni a helyi hagyom\u00e1nyokat \u00e9s \u00e9letet.<\/p><p>https:\/\/hu.sturovo.sk<\/p>\t\t\t\t\t\t\t\t<\/div>\n\t\t\t\t<\/div>\n\t\t\t\t\t<\/div>\n\t\t\t\t<\/div>\n\t\t<div class=\"elementor-element elementor-element-b9aa9b1 e-flex e-con-boxed e-con e-parent\" data-id=\"b9aa9b1\" data-element_type=\"container\">\n\t\t\t\t\t<div class=\"e-con-inner\">\n\t\t\t\t<div class=\"elementor-element elementor-element-8221ad7 elementor-widget elementor-widget-spacer\" data-id=\"8221ad7\" data-element_type=\"widget\" data-widget_type=\"spacer.default\">\n\t\t\t\t<div class=\"elementor-widget-container\">\n\t\t\t\t\t\t\t<div class=\"elementor-spacer\">\n\t\t\t<div class=\"elementor-spacer-inner\"><\/div>\n\t\t<\/div>\n\t\t\t\t\t\t<\/div>\n\t\t\t\t<\/div>\n\t\t\t\t\t<\/div>\n\t\t\t\t<\/div>\n\t\t\t\t<\/div>","protected":false},"excerpt":{"rendered":"<p>P\u00e1rk\u00e1ny P\u00e1rk\u00e1ny egy fest\u0151i v\u00e1ros a Duna ment\u00e9n, amely Szlov\u00e1ki\u00e1ban tal\u00e1lhat\u00f3, k\u00f6zvetlen\u00fcl Kom\u00e1rom mellett, \u00edgy t\u00f6rt\u00e9nelmileg \u00e9s kultur\u00e1lisan szoros kapcsolatban \u00e1ll a magyar v\u00e1rossal. A v\u00e1ros legismertebb nevezetess\u00e9ge a csod\u00e1latos P\u00e1rk\u00e1nyi V\u00e1r, amely a k\u00f6z\u00e9pkori \u00e9p\u00edt\u00e9szet remekm\u0171ve \u00e9s a r\u00e9gi\u00f3 egyik fontos t\u00f6rt\u00e9nelmi helysz\u00edne. P\u00e1rk\u00e1ny h\u00edres a term\u00e1lf\u00fcrd\u0151ir\u0151l is, melyek a helyiek \u00e9s a turist\u00e1k [&hellip;]<\/p>","protected":false},"author":1,"featured_media":0,"parent":0,"menu_order":0,"comment_status":"closed","ping_status":"closed","template":"elementor_header_footer","meta":{"footnotes":""},"class_list":["post-268","page","type-page","status-publish","hentry"],"_links":{"self":[{"href":"https:\/\/gabi.chatasturovo.sk\/en\/wp-json\/wp\/v2\/pages\/268","targetHints":{"allow":["GET"]}}],"collection":[{"href":"https:\/\/gabi.chatasturovo.sk\/en\/wp-json\/wp\/v2\/pages"}],"about":[{"href":"https:\/\/gabi.chatasturovo.sk\/en\/wp-json\/wp\/v2\/types\/page"}],"author":[{"embeddable":true,"href":"https:\/\/gabi.chatasturovo.sk\/en\/wp-json\/wp\/v2\/users\/1"}],"replies":[{"embeddable":true,"href":"https:\/\/gabi.chatasturovo.sk\/en\/wp-json\/wp\/v2\/comments?post=268"}],"version-history":[{"count":16,"href":"https:\/\/gabi.chatasturovo.sk\/en\/wp-json\/wp\/v2\/pages\/268\/revisions"}],"predecessor-version":[{"id":578,"href":"https:\/\/gabi.chatasturovo.sk\/en\/wp-json\/wp\/v2\/pages\/268\/revisions\/578"}],"wp:attachment":[{"href":"https:\/\/gabi.chatasturovo.sk\/en\/wp-json\/wp\/v2\/media?parent=268"}],"curies":[{"name":"wp","href":"https:\/\/api.w.org\/{rel}","templated":true}]}}