{"id":273,"date":"2025-01-11T18:54:46","date_gmt":"2025-01-11T17:54:46","guid":{"rendered":"https:\/\/gabi.chatasturovo.sk\/?page_id=273"},"modified":"2025-01-13T19:20:37","modified_gmt":"2025-01-13T18:20:37","slug":"esztergom","status":"publish","type":"page","link":"https:\/\/gabi.chatasturovo.sk\/en\/esztergom\/","title":{"rendered":"Esztergom"},"content":{"rendered":"<div data-elementor-type=\"wp-page\" data-elementor-id=\"273\" class=\"elementor elementor-273\">\n\t\t\t\t<div class=\"elementor-element elementor-element-606f736 e-flex e-con-boxed e-con e-parent\" data-id=\"606f736\" data-element_type=\"container\">\n\t\t\t\t\t<div class=\"e-con-inner\">\n\t\t\t\t<div class=\"elementor-element elementor-element-66f40e3 elementor-widget elementor-widget-spacer\" data-id=\"66f40e3\" data-element_type=\"widget\" data-widget_type=\"spacer.default\">\n\t\t\t\t<div class=\"elementor-widget-container\">\n\t\t\t\t\t\t\t<div class=\"elementor-spacer\">\n\t\t\t<div class=\"elementor-spacer-inner\"><\/div>\n\t\t<\/div>\n\t\t\t\t\t\t<\/div>\n\t\t\t\t<\/div>\n\t\t<div class=\"elementor-element elementor-element-175d2b6 e-con-full e-flex e-con e-child\" data-id=\"175d2b6\" data-element_type=\"container\">\n\t\t\t\t<div class=\"elementor-element elementor-element-894ddb5 elementor-widget elementor-widget-heading\" data-id=\"894ddb5\" data-element_type=\"widget\" data-widget_type=\"heading.default\">\n\t\t\t\t<div class=\"elementor-widget-container\">\n\t\t\t\t\t<h1 class=\"elementor-heading-title elementor-size-default\">Esztergom<\/h1>\t\t\t\t<\/div>\n\t\t\t\t<\/div>\n\t\t\t\t<\/div>\n\t\t\t\t\t<\/div>\n\t\t\t\t<\/div>\n\t\t<div class=\"elementor-element elementor-element-ab94e4c e-grid e-con-boxed e-con e-parent\" data-id=\"ab94e4c\" data-element_type=\"container\">\n\t\t\t\t\t<div class=\"e-con-inner\">\n\t\t\t\t<div class=\"elementor-element elementor-element-cfc1ebf elementor-widget elementor-widget-image\" data-id=\"cfc1ebf\" data-element_type=\"widget\" data-widget_type=\"image.default\">\n\t\t\t\t<div class=\"elementor-widget-container\">\n\t\t\t\t\t\t\t\t\t\t\t\t\t\t\t<img fetchpriority=\"high\" decoding=\"async\" width=\"1000\" height=\"660\" src=\"https:\/\/gabi.chatasturovo.sk\/wp-content\/uploads\/2025\/01\/esztergom01.jpg\" class=\"attachment-large size-large wp-image-617\" alt=\"\" srcset=\"https:\/\/gabi.chatasturovo.sk\/wp-content\/uploads\/2025\/01\/esztergom01.jpg 1000w, https:\/\/gabi.chatasturovo.sk\/wp-content\/uploads\/2025\/01\/esztergom01-300x198.jpg 300w, https:\/\/gabi.chatasturovo.sk\/wp-content\/uploads\/2025\/01\/esztergom01-768x507.jpg 768w, https:\/\/gabi.chatasturovo.sk\/wp-content\/uploads\/2025\/01\/esztergom01-750x495.jpg 750w\" sizes=\"(max-width: 678px) 100vw, 678px\" \/>\t\t\t\t\t\t\t\t\t\t\t\t\t\t\t<\/div>\n\t\t\t\t<\/div>\n\t\t\t\t<div class=\"elementor-element elementor-element-8656155 elementor-widget elementor-widget-text-editor\" data-id=\"8656155\" data-element_type=\"widget\" data-widget_type=\"text-editor.default\">\n\t\t\t\t<div class=\"elementor-widget-container\">\n\t\t\t\t\t\t\t\t\t<p>Esztergom Magyarorsz\u00e1g egyik legszebb t\u00f6rt\u00e9nelmi v\u00e1rosa, mely a Duna partj\u00e1n, a Pilis-hegys\u00e9g l\u00e1b\u00e1n\u00e1l ter\u00fcl el.<\/p><p>A v\u00e1ros legismertebb l\u00e1tv\u00e1nyoss\u00e1ga a gy\u00f6ny\u00f6r\u0171 Esztergomi Bazilika, amely az orsz\u00e1g egyik legnagyobb temploma \u00e9s fontos vall\u00e1si k\u00f6zpont.<\/p><p>Esztergom gazdag t\u00f6rt\u00e9nelemmel rendelkezik, hiszen itt volt a magyar kir\u00e1lys\u00e1g sz\u00e9khelye a k\u00f6z\u00e9pkorban, \u00e9s sz\u00e1mos t\u00f6rt\u00e9nelmi eml\u00e9k maradt fenn.<\/p><p>A v\u00e1ros k\u00f6rny\u00e9ke ide\u00e1lis helysz\u00edn t\u00far\u00e1z\u00e1sra, hiszen a k\u00f6zeli hegyek \u00e9s a Duna-part fest\u0151i l\u00e1tv\u00e1nyt ny\u00fajtanak.<\/p><p>Esztergom kultur\u00e1lis \u00e9lete is vibr\u00e1l\u00f3, sz\u00e1mos m\u00fazeum, gal\u00e9ria \u00e9s kultur\u00e1lis rendezv\u00e9ny v\u00e1rja a l\u00e1togat\u00f3kat, akik meg szeretn\u00e9k ismerni a v\u00e1ros gazdag \u00f6r\u00f6ks\u00e9g\u00e9t.<\/p><p>https:\/\/esztergom.hu\/<\/p>\t\t\t\t\t\t\t\t<\/div>\n\t\t\t\t<\/div>\n\t\t\t\t\t<\/div>\n\t\t\t\t<\/div>\n\t\t<div class=\"elementor-element elementor-element-b9aa9b1 e-flex e-con-boxed e-con e-parent\" data-id=\"b9aa9b1\" data-element_type=\"container\">\n\t\t\t\t\t<div class=\"e-con-inner\">\n\t\t\t\t<div class=\"elementor-element elementor-element-8221ad7 elementor-widget elementor-widget-spacer\" data-id=\"8221ad7\" data-element_type=\"widget\" data-widget_type=\"spacer.default\">\n\t\t\t\t<div class=\"elementor-widget-container\">\n\t\t\t\t\t\t\t<div class=\"elementor-spacer\">\n\t\t\t<div class=\"elementor-spacer-inner\"><\/div>\n\t\t<\/div>\n\t\t\t\t\t\t<\/div>\n\t\t\t\t<\/div>\n\t\t\t\t\t<\/div>\n\t\t\t\t<\/div>\n\t\t\t\t<\/div>","protected":false},"excerpt":{"rendered":"<p>Esztergom Esztergom Magyarorsz\u00e1g egyik legszebb t\u00f6rt\u00e9nelmi v\u00e1rosa, mely a Duna partj\u00e1n, a Pilis-hegys\u00e9g l\u00e1b\u00e1n\u00e1l ter\u00fcl el. A v\u00e1ros legismertebb l\u00e1tv\u00e1nyoss\u00e1ga a gy\u00f6ny\u00f6r\u0171 Esztergomi Bazilika, amely az orsz\u00e1g egyik legnagyobb temploma \u00e9s fontos vall\u00e1si k\u00f6zpont. Esztergom gazdag t\u00f6rt\u00e9nelemmel rendelkezik, hiszen itt volt a magyar kir\u00e1lys\u00e1g sz\u00e9khelye a k\u00f6z\u00e9pkorban, \u00e9s sz\u00e1mos t\u00f6rt\u00e9nelmi eml\u00e9k maradt fenn. A v\u00e1ros [&hellip;]<\/p>","protected":false},"author":1,"featured_media":0,"parent":0,"menu_order":0,"comment_status":"closed","ping_status":"closed","template":"elementor_header_footer","meta":{"footnotes":""},"class_list":["post-273","page","type-page","status-publish","hentry"],"_links":{"self":[{"href":"https:\/\/gabi.chatasturovo.sk\/en\/wp-json\/wp\/v2\/pages\/273","targetHints":{"allow":["GET"]}}],"collection":[{"href":"https:\/\/gabi.chatasturovo.sk\/en\/wp-json\/wp\/v2\/pages"}],"about":[{"href":"https:\/\/gabi.chatasturovo.sk\/en\/wp-json\/wp\/v2\/types\/page"}],"author":[{"embeddable":true,"href":"https:\/\/gabi.chatasturovo.sk\/en\/wp-json\/wp\/v2\/users\/1"}],"replies":[{"embeddable":true,"href":"https:\/\/gabi.chatasturovo.sk\/en\/wp-json\/wp\/v2\/comments?post=273"}],"version-history":[{"count":13,"href":"https:\/\/gabi.chatasturovo.sk\/en\/wp-json\/wp\/v2\/pages\/273\/revisions"}],"predecessor-version":[{"id":620,"href":"https:\/\/gabi.chatasturovo.sk\/en\/wp-json\/wp\/v2\/pages\/273\/revisions\/620"}],"wp:attachment":[{"href":"https:\/\/gabi.chatasturovo.sk\/en\/wp-json\/wp\/v2\/media?parent=273"}],"curies":[{"name":"wp","href":"https:\/\/api.w.org\/{rel}","templated":true}]}}