{"id":278,"date":"2025-01-11T18:55:32","date_gmt":"2025-01-11T17:55:32","guid":{"rendered":"https:\/\/gabi.chatasturovo.sk\/?page_id=278"},"modified":"2025-01-13T19:21:29","modified_gmt":"2025-01-13T18:21:29","slug":"tata","status":"publish","type":"page","link":"https:\/\/gabi.chatasturovo.sk\/en\/tata\/","title":{"rendered":"Tatas"},"content":{"rendered":"<div data-elementor-type=\"wp-page\" data-elementor-id=\"278\" class=\"elementor elementor-278\">\n\t\t\t\t<div class=\"elementor-element elementor-element-606f736 e-flex e-con-boxed e-con e-parent\" data-id=\"606f736\" data-element_type=\"container\">\n\t\t\t\t\t<div class=\"e-con-inner\">\n\t\t\t\t<div class=\"elementor-element elementor-element-66f40e3 elementor-widget elementor-widget-spacer\" data-id=\"66f40e3\" data-element_type=\"widget\" data-widget_type=\"spacer.default\">\n\t\t\t\t<div class=\"elementor-widget-container\">\n\t\t\t\t\t\t\t<div class=\"elementor-spacer\">\n\t\t\t<div class=\"elementor-spacer-inner\"><\/div>\n\t\t<\/div>\n\t\t\t\t\t\t<\/div>\n\t\t\t\t<\/div>\n\t\t<div class=\"elementor-element elementor-element-175d2b6 e-con-full e-flex e-con e-child\" data-id=\"175d2b6\" data-element_type=\"container\">\n\t\t\t\t<div class=\"elementor-element elementor-element-894ddb5 elementor-widget elementor-widget-heading\" data-id=\"894ddb5\" data-element_type=\"widget\" data-widget_type=\"heading.default\">\n\t\t\t\t<div class=\"elementor-widget-container\">\n\t\t\t\t\t<h1 class=\"elementor-heading-title elementor-size-default\">Tatas<\/h1>\t\t\t\t<\/div>\n\t\t\t\t<\/div>\n\t\t\t\t<\/div>\n\t\t\t\t\t<\/div>\n\t\t\t\t<\/div>\n\t\t<div class=\"elementor-element elementor-element-ab94e4c e-grid e-con-boxed e-con e-parent\" data-id=\"ab94e4c\" data-element_type=\"container\">\n\t\t\t\t\t<div class=\"e-con-inner\">\n\t\t\t\t<div class=\"elementor-element elementor-element-cfc1ebf elementor-widget elementor-widget-image\" data-id=\"cfc1ebf\" data-element_type=\"widget\" data-widget_type=\"image.default\">\n\t\t\t\t<div class=\"elementor-widget-container\">\n\t\t\t\t\t\t\t\t\t\t\t\t\t\t\t<img fetchpriority=\"high\" decoding=\"async\" width=\"721\" height=\"474\" src=\"https:\/\/gabi.chatasturovo.sk\/wp-content\/uploads\/2025\/01\/tata.jpg\" class=\"attachment-large size-large wp-image-621\" alt=\"\" srcset=\"https:\/\/gabi.chatasturovo.sk\/wp-content\/uploads\/2025\/01\/tata.jpg 721w, https:\/\/gabi.chatasturovo.sk\/wp-content\/uploads\/2025\/01\/tata-300x197.jpg 300w\" sizes=\"(max-width: 678px) 100vw, 678px\" \/>\t\t\t\t\t\t\t\t\t\t\t\t\t\t\t<\/div>\n\t\t\t\t<\/div>\n\t\t\t\t<div class=\"elementor-element elementor-element-8656155 elementor-widget elementor-widget-text-editor\" data-id=\"8656155\" data-element_type=\"widget\" data-widget_type=\"text-editor.default\">\n\t\t\t\t<div class=\"elementor-widget-container\">\n\t\t\t\t\t\t\t\t\t<p>Tata Magyarorsz\u00e1g egyik legszebb kisv\u00e1rosa, amely a \u201evizek v\u00e1rosa\u201d n\u00e9ven ismert a sz\u00e1mos t\u00f3 \u00e9s forr\u00e1s miatt.<\/p><p>A v\u00e1ros legismertebb nevezetess\u00e9ge a Tatai v\u00e1r, amely a k\u00f6z\u00e9pkor \u00f3ta a telep\u00fcl\u00e9s egyik jelk\u00e9pe, \u00e9s ma m\u00fazeumk\u00e9nt is l\u00e1togathat\u00f3.<\/p><p>Tata sz\u00edv\u00e9ben tal\u00e1lhat\u00f3 az \u00d6reg-t\u00f3, amely k\u00f6r\u00fcl gy\u00f6ny\u00f6r\u0171 s\u00e9t\u00e1nyok, piknikez\u0151 helyek \u00e9s mad\u00e1rmegfigyel\u0151 \u00e1llom\u00e1sok v\u00e1rj\u00e1k a term\u00e9szetkedvel\u0151ket.<\/p><p>A v\u00e1ros gazdag t\u00f6rt\u00e9nelmi \u00e9s kultur\u00e1lis programokkal, p\u00e9ld\u00e1ul a h\u00edres Tatai Patara fesztiv\u00e1llal, amely a t\u00f6r\u00f6k kori csat\u00e1kat id\u00e9zi fel.<\/p><p>Tata t\u00f6k\u00e9letes \u00fati c\u00e9l a kir\u00e1ndul\u00f3k \u00e9s a pihenni v\u00e1gy\u00f3k sz\u00e1m\u00e1ra, hiszen fest\u0151i k\u00f6rnyezet, bar\u00e1ts\u00e1gos hangulat \u00e9s sz\u00e1mos szabadid\u0151s lehet\u0151s\u00e9g v\u00e1rja a l\u00e1togat\u00f3kat.<\/p><p>https:\/\/tata.hu\/<\/p>\t\t\t\t\t\t\t\t<\/div>\n\t\t\t\t<\/div>\n\t\t\t\t\t<\/div>\n\t\t\t\t<\/div>\n\t\t<div class=\"elementor-element elementor-element-b9aa9b1 e-flex e-con-boxed e-con e-parent\" data-id=\"b9aa9b1\" data-element_type=\"container\">\n\t\t\t\t\t<div class=\"e-con-inner\">\n\t\t\t\t<div class=\"elementor-element elementor-element-8221ad7 elementor-widget elementor-widget-spacer\" data-id=\"8221ad7\" data-element_type=\"widget\" data-widget_type=\"spacer.default\">\n\t\t\t\t<div class=\"elementor-widget-container\">\n\t\t\t\t\t\t\t<div class=\"elementor-spacer\">\n\t\t\t<div class=\"elementor-spacer-inner\"><\/div>\n\t\t<\/div>\n\t\t\t\t\t\t<\/div>\n\t\t\t\t<\/div>\n\t\t\t\t\t<\/div>\n\t\t\t\t<\/div>\n\t\t\t\t<\/div>","protected":false},"excerpt":{"rendered":"<p>Tata Tata Magyarorsz\u00e1g egyik legszebb kisv\u00e1rosa, amely a \u201evizek v\u00e1rosa\u201d n\u00e9ven ismert a sz\u00e1mos t\u00f3 \u00e9s forr\u00e1s miatt. A v\u00e1ros legismertebb nevezetess\u00e9ge a Tatai v\u00e1r, amely a k\u00f6z\u00e9pkor \u00f3ta a telep\u00fcl\u00e9s egyik jelk\u00e9pe, \u00e9s ma m\u00fazeumk\u00e9nt is l\u00e1togathat\u00f3. Tata sz\u00edv\u00e9ben tal\u00e1lhat\u00f3 az \u00d6reg-t\u00f3, amely k\u00f6r\u00fcl gy\u00f6ny\u00f6r\u0171 s\u00e9t\u00e1nyok, piknikez\u0151 helyek \u00e9s mad\u00e1rmegfigyel\u0151 \u00e1llom\u00e1sok v\u00e1rj\u00e1k a term\u00e9szetkedvel\u0151ket. [&hellip;]<\/p>","protected":false},"author":1,"featured_media":0,"parent":0,"menu_order":0,"comment_status":"closed","ping_status":"closed","template":"elementor_header_footer","meta":{"footnotes":""},"class_list":["post-278","page","type-page","status-publish","hentry"],"_links":{"self":[{"href":"https:\/\/gabi.chatasturovo.sk\/en\/wp-json\/wp\/v2\/pages\/278","targetHints":{"allow":["GET"]}}],"collection":[{"href":"https:\/\/gabi.chatasturovo.sk\/en\/wp-json\/wp\/v2\/pages"}],"about":[{"href":"https:\/\/gabi.chatasturovo.sk\/en\/wp-json\/wp\/v2\/types\/page"}],"author":[{"embeddable":true,"href":"https:\/\/gabi.chatasturovo.sk\/en\/wp-json\/wp\/v2\/users\/1"}],"replies":[{"embeddable":true,"href":"https:\/\/gabi.chatasturovo.sk\/en\/wp-json\/wp\/v2\/comments?post=278"}],"version-history":[{"count":16,"href":"https:\/\/gabi.chatasturovo.sk\/en\/wp-json\/wp\/v2\/pages\/278\/revisions"}],"predecessor-version":[{"id":624,"href":"https:\/\/gabi.chatasturovo.sk\/en\/wp-json\/wp\/v2\/pages\/278\/revisions\/624"}],"wp:attachment":[{"href":"https:\/\/gabi.chatasturovo.sk\/en\/wp-json\/wp\/v2\/media?parent=278"}],"curies":[{"name":"wp","href":"https:\/\/api.w.org\/{rel}","templated":true}]}}