{"id":283,"date":"2025-01-11T18:56:17","date_gmt":"2025-01-11T17:56:17","guid":{"rendered":"https:\/\/gabi.chatasturovo.sk\/?page_id=283"},"modified":"2025-01-13T19:10:41","modified_gmt":"2025-01-13T18:10:41","slug":"karva","status":"publish","type":"page","link":"https:\/\/gabi.chatasturovo.sk\/en\/karva\/","title":{"rendered":"Karva"},"content":{"rendered":"<div data-elementor-type=\"wp-page\" data-elementor-id=\"283\" class=\"elementor elementor-283\">\n\t\t\t\t<div class=\"elementor-element elementor-element-606f736 e-flex e-con-boxed e-con e-parent\" data-id=\"606f736\" data-element_type=\"container\">\n\t\t\t\t\t<div class=\"e-con-inner\">\n\t\t\t\t<div class=\"elementor-element elementor-element-66f40e3 elementor-widget elementor-widget-spacer\" data-id=\"66f40e3\" data-element_type=\"widget\" data-widget_type=\"spacer.default\">\n\t\t\t\t<div class=\"elementor-widget-container\">\n\t\t\t\t\t\t\t<div class=\"elementor-spacer\">\n\t\t\t<div class=\"elementor-spacer-inner\"><\/div>\n\t\t<\/div>\n\t\t\t\t\t\t<\/div>\n\t\t\t\t<\/div>\n\t\t<div class=\"elementor-element elementor-element-175d2b6 e-con-full e-flex e-con e-child\" data-id=\"175d2b6\" data-element_type=\"container\">\n\t\t\t\t<div class=\"elementor-element elementor-element-894ddb5 elementor-widget elementor-widget-heading\" data-id=\"894ddb5\" data-element_type=\"widget\" data-widget_type=\"heading.default\">\n\t\t\t\t<div class=\"elementor-widget-container\">\n\t\t\t\t\t<h1 class=\"elementor-heading-title elementor-size-default\">Karva<\/h1>\t\t\t\t<\/div>\n\t\t\t\t<\/div>\n\t\t\t\t<\/div>\n\t\t\t\t\t<\/div>\n\t\t\t\t<\/div>\n\t\t<div class=\"elementor-element elementor-element-ab94e4c e-grid e-con-boxed e-con e-parent\" data-id=\"ab94e4c\" data-element_type=\"container\">\n\t\t\t\t\t<div class=\"e-con-inner\">\n\t\t\t\t<div class=\"elementor-element elementor-element-cfc1ebf elementor-widget elementor-widget-image\" data-id=\"cfc1ebf\" data-element_type=\"widget\" data-widget_type=\"image.default\">\n\t\t\t\t<div class=\"elementor-widget-container\">\n\t\t\t\t\t\t\t\t\t\t\t\t\t\t\t<img fetchpriority=\"high\" decoding=\"async\" width=\"1024\" height=\"683\" src=\"https:\/\/gabi.chatasturovo.sk\/wp-content\/uploads\/2025\/01\/karva-jo-1024x683.jpg\" class=\"attachment-large size-large wp-image-589\" alt=\"\" srcset=\"https:\/\/gabi.chatasturovo.sk\/wp-content\/uploads\/2025\/01\/karva-jo-1024x683.jpg 1024w, https:\/\/gabi.chatasturovo.sk\/wp-content\/uploads\/2025\/01\/karva-jo-300x200.jpg 300w, https:\/\/gabi.chatasturovo.sk\/wp-content\/uploads\/2025\/01\/karva-jo-768x512.jpg 768w, https:\/\/gabi.chatasturovo.sk\/wp-content\/uploads\/2025\/01\/karva-jo-1536x1024.jpg 1536w, https:\/\/gabi.chatasturovo.sk\/wp-content\/uploads\/2025\/01\/karva-jo-750x500.jpg 750w, https:\/\/gabi.chatasturovo.sk\/wp-content\/uploads\/2025\/01\/karva-jo-1140x760.jpg 1140w, https:\/\/gabi.chatasturovo.sk\/wp-content\/uploads\/2025\/01\/karva-jo.jpg 2048w\" sizes=\"(max-width: 678px) 100vw, 678px\" \/>\t\t\t\t\t\t\t\t\t\t\t\t\t\t\t<\/div>\n\t\t\t\t<\/div>\n\t\t\t\t<div class=\"elementor-element elementor-element-8656155 elementor-widget elementor-widget-text-editor\" data-id=\"8656155\" data-element_type=\"widget\" data-widget_type=\"text-editor.default\">\n\t\t\t\t<div class=\"elementor-widget-container\">\n\t\t\t\t\t\t\t\t\t<p>A karvai kil\u00e1t\u00f3 egy csod\u00e1latos panor\u00e1m\u00e1t k\u00edn\u00e1l a k\u00f6rnyez\u0151 t\u00e1jra, amely t\u00f6k\u00e9letes helysz\u00ednt biztos\u00edt a term\u00e9szetkedvel\u0151k \u00e9s f\u00e9nyk\u00e9pezni v\u00e1gy\u00f3k sz\u00e1m\u00e1ra.<\/p><p>A kil\u00e1t\u00f3 a falu felett emelkedik, \u00e9s lehet\u0151s\u00e9get ad arra, hogy a l\u00e1togat\u00f3k \u00e9lvezhess\u00e9k a k\u00f6rnyez\u0151 hegyek, erd\u0151k \u00e9s mez\u0151k l\u00e1tv\u00e1ny\u00e1t.<\/p><p>A karvai kil\u00e1t\u00f3 k\u00f6rny\u00e9ke sz\u00e1mos t\u00fara\u00fatvonalat is k\u00edn\u00e1l, \u00edgy nemcsak a kil\u00e1t\u00f3, hanem a term\u00e9szet felfedez\u00e9se is k\u00fcl\u00f6nleges \u00e9lm\u00e9nyt ny\u00fajt.<\/p><p>A kil\u00e1t\u00f3 k\u00f6nnyen megk\u00f6zel\u00edthet\u0151 gyalogosan, \u00e9s az \u00fatvonal kellemes t\u00far\u00e1z\u00e1si \u00e9lm\u00e9nyt k\u00edn\u00e1l minden koroszt\u00e1ly sz\u00e1m\u00e1ra.<\/p><p>A karvai kil\u00e1t\u00f3 ide\u00e1lis helysz\u00edn piknikez\u00e9shez, pihen\u00e9shez vagy ak\u00e1r egy romantikus naplemente megfigyel\u00e9s\u00e9hez a term\u00e9szet sz\u00edv\u00e9ben.<\/p><p>https:\/\/www.kravany.com\/hu\/<\/p>\t\t\t\t\t\t\t\t<\/div>\n\t\t\t\t<\/div>\n\t\t\t\t\t<\/div>\n\t\t\t\t<\/div>\n\t\t<div class=\"elementor-element elementor-element-b9aa9b1 e-flex e-con-boxed e-con e-parent\" data-id=\"b9aa9b1\" data-element_type=\"container\">\n\t\t\t\t\t<div class=\"e-con-inner\">\n\t\t\t\t<div class=\"elementor-element elementor-element-8221ad7 elementor-widget elementor-widget-spacer\" data-id=\"8221ad7\" data-element_type=\"widget\" data-widget_type=\"spacer.default\">\n\t\t\t\t<div class=\"elementor-widget-container\">\n\t\t\t\t\t\t\t<div class=\"elementor-spacer\">\n\t\t\t<div class=\"elementor-spacer-inner\"><\/div>\n\t\t<\/div>\n\t\t\t\t\t\t<\/div>\n\t\t\t\t<\/div>\n\t\t\t\t\t<\/div>\n\t\t\t\t<\/div>\n\t\t\t\t<\/div>","protected":false},"excerpt":{"rendered":"<p>Karva A karvai kil\u00e1t\u00f3 egy csod\u00e1latos panor\u00e1m\u00e1t k\u00edn\u00e1l a k\u00f6rnyez\u0151 t\u00e1jra, amely t\u00f6k\u00e9letes helysz\u00ednt biztos\u00edt a term\u00e9szetkedvel\u0151k \u00e9s f\u00e9nyk\u00e9pezni v\u00e1gy\u00f3k sz\u00e1m\u00e1ra. A kil\u00e1t\u00f3 a falu felett emelkedik, \u00e9s lehet\u0151s\u00e9get ad arra, hogy a l\u00e1togat\u00f3k \u00e9lvezhess\u00e9k a k\u00f6rnyez\u0151 hegyek, erd\u0151k \u00e9s mez\u0151k l\u00e1tv\u00e1ny\u00e1t. A karvai kil\u00e1t\u00f3 k\u00f6rny\u00e9ke sz\u00e1mos t\u00fara\u00fatvonalat is k\u00edn\u00e1l, \u00edgy nemcsak a kil\u00e1t\u00f3, hanem [&hellip;]<\/p>","protected":false},"author":1,"featured_media":0,"parent":0,"menu_order":0,"comment_status":"closed","ping_status":"closed","template":"elementor_header_footer","meta":{"footnotes":""},"class_list":["post-283","page","type-page","status-publish","hentry"],"_links":{"self":[{"href":"https:\/\/gabi.chatasturovo.sk\/en\/wp-json\/wp\/v2\/pages\/283","targetHints":{"allow":["GET"]}}],"collection":[{"href":"https:\/\/gabi.chatasturovo.sk\/en\/wp-json\/wp\/v2\/pages"}],"about":[{"href":"https:\/\/gabi.chatasturovo.sk\/en\/wp-json\/wp\/v2\/types\/page"}],"author":[{"embeddable":true,"href":"https:\/\/gabi.chatasturovo.sk\/en\/wp-json\/wp\/v2\/users\/1"}],"replies":[{"embeddable":true,"href":"https:\/\/gabi.chatasturovo.sk\/en\/wp-json\/wp\/v2\/comments?post=283"}],"version-history":[{"count":13,"href":"https:\/\/gabi.chatasturovo.sk\/en\/wp-json\/wp\/v2\/pages\/283\/revisions"}],"predecessor-version":[{"id":592,"href":"https:\/\/gabi.chatasturovo.sk\/en\/wp-json\/wp\/v2\/pages\/283\/revisions\/592"}],"wp:attachment":[{"href":"https:\/\/gabi.chatasturovo.sk\/en\/wp-json\/wp\/v2\/media?parent=283"}],"curies":[{"name":"wp","href":"https:\/\/api.w.org\/{rel}","templated":true}]}}