{"id":288,"date":"2025-01-11T18:57:20","date_gmt":"2025-01-11T17:57:20","guid":{"rendered":"https:\/\/gabi.chatasturovo.sk\/?page_id=288"},"modified":"2025-01-12T20:16:26","modified_gmt":"2025-01-12T19:16:26","slug":"eurovelo-6","status":"publish","type":"page","link":"https:\/\/gabi.chatasturovo.sk\/en\/eurovelo-6\/","title":{"rendered":"Eurobike 6"},"content":{"rendered":"<div data-elementor-type=\"wp-page\" data-elementor-id=\"288\" class=\"elementor elementor-288\">\n\t\t\t\t<div class=\"elementor-element elementor-element-606f736 e-flex e-con-boxed e-con e-parent\" data-id=\"606f736\" data-element_type=\"container\">\n\t\t\t\t\t<div class=\"e-con-inner\">\n\t\t\t\t<div class=\"elementor-element elementor-element-66f40e3 elementor-widget elementor-widget-spacer\" data-id=\"66f40e3\" data-element_type=\"widget\" data-widget_type=\"spacer.default\">\n\t\t\t\t<div class=\"elementor-widget-container\">\n\t\t\t\t\t\t\t<div class=\"elementor-spacer\">\n\t\t\t<div class=\"elementor-spacer-inner\"><\/div>\n\t\t<\/div>\n\t\t\t\t\t\t<\/div>\n\t\t\t\t<\/div>\n\t\t<div class=\"elementor-element elementor-element-175d2b6 e-con-full e-flex e-con e-child\" data-id=\"175d2b6\" data-element_type=\"container\">\n\t\t\t\t<div class=\"elementor-element elementor-element-894ddb5 elementor-widget elementor-widget-heading\" data-id=\"894ddb5\" data-element_type=\"widget\" data-widget_type=\"heading.default\">\n\t\t\t\t<div class=\"elementor-widget-container\">\n\t\t\t\t\t<h1 class=\"elementor-heading-title elementor-size-default\">Eurobike 6<\/h1>\t\t\t\t<\/div>\n\t\t\t\t<\/div>\n\t\t\t\t<\/div>\n\t\t\t\t\t<\/div>\n\t\t\t\t<\/div>\n\t\t<div class=\"elementor-element elementor-element-ab94e4c e-grid e-con-boxed e-con e-parent\" data-id=\"ab94e4c\" data-element_type=\"container\">\n\t\t\t\t\t<div class=\"e-con-inner\">\n\t\t\t\t<div class=\"elementor-element elementor-element-cfc1ebf elementor-widget elementor-widget-image\" data-id=\"cfc1ebf\" data-element_type=\"widget\" data-widget_type=\"image.default\">\n\t\t\t\t<div class=\"elementor-widget-container\">\n\t\t\t\t\t\t\t\t\t\t\t\t\t\t\t<img fetchpriority=\"high\" decoding=\"async\" width=\"980\" height=\"735\" src=\"https:\/\/gabi.chatasturovo.sk\/wp-content\/uploads\/2025\/01\/03.jpg\" class=\"attachment-large size-large wp-image-390\" alt=\"\" srcset=\"https:\/\/gabi.chatasturovo.sk\/wp-content\/uploads\/2025\/01\/03.jpg 980w, https:\/\/gabi.chatasturovo.sk\/wp-content\/uploads\/2025\/01\/03-300x225.jpg 300w, https:\/\/gabi.chatasturovo.sk\/wp-content\/uploads\/2025\/01\/03-768x576.jpg 768w, https:\/\/gabi.chatasturovo.sk\/wp-content\/uploads\/2025\/01\/03-750x563.jpg 750w\" sizes=\"(max-width: 678px) 100vw, 678px\" \/>\t\t\t\t\t\t\t\t\t\t\t\t\t\t\t<\/div>\n\t\t\t\t<\/div>\n\t\t\t\t<div class=\"elementor-element elementor-element-8656155 elementor-widget elementor-widget-text-editor\" data-id=\"8656155\" data-element_type=\"widget\" data-widget_type=\"text-editor.default\">\n\t\t\t\t<div class=\"elementor-widget-container\">\n\t\t\t\t\t\t\t\t\t<p>Az EuroVelo 6 (EV6) egy n\u00e9pszer\u0171, nemzetk\u00f6zi ker\u00e9kp\u00e1ros t\u00fara\u00fatvonal, amely a L\u00f3denf\u00f6ldt\u0151l a Fekete-tengerig vezet, \u00e9s t\u00f6bb eur\u00f3pai orsz\u00e1gon \u00e1t halad.<\/p><p>Az \u00fatvonal mintegy 3 600 kilom\u00e9ter hossz\u00fa, \u00e9s gy\u00f6ny\u00f6r\u0171 t\u00e1jakon, t\u00f6rt\u00e9nelmi v\u00e1rosokon kereszt\u00fcl vezet, ide\u00e1lis v\u00e1laszt\u00e1s a kalandoroknak \u00e9s a term\u00e9szet kedvel\u0151inek.<\/p><p>Az EuroVelo 6 az egyik legn\u00e9pszer\u0171bb ker\u00e9kp\u00e1ros \u00fatvonal, amely \u00f6sszek\u00f6ti a Duna ment\u00e9n fekv\u0151 orsz\u00e1gokat, mint p\u00e9ld\u00e1ul Magyarorsz\u00e1got, Rom\u00e1ni\u00e1t \u00e9s Bulg\u00e1ri\u00e1t.<\/p><p>Az \u00fatvonal k\u00e9nyelmes \u00e9s j\u00f3l jelzett, sz\u00e1mos pihen\u0151hellyel, kempinggel \u00e9s \u00e9tteremmel, \u00edgy ide\u00e1lis lehet\u0151s\u00e9g a hossz\u00fa t\u00e1v\u00fa ker\u00e9kp\u00e1ros t\u00far\u00e1z\u00f3k sz\u00e1m\u00e1ra.<\/p><p>Az EuroVelo 6 nemcsak a sportos ker\u00e9kp\u00e1rosok, hanem azok sz\u00e1m\u00e1ra is vonz\u00f3, akik szeretn\u00e9k felfedezni Eur\u00f3pa kultur\u00e1lis \u00e9s term\u00e9szeti \u00f6r\u00f6ks\u00e9g\u00e9t egy \u00faj perspekt\u00edv\u00e1b\u00f3l.<\/p><p>https:\/\/eurovelo.hu\/ev6<\/p>\t\t\t\t\t\t\t\t<\/div>\n\t\t\t\t<\/div>\n\t\t\t\t\t<\/div>\n\t\t\t\t<\/div>\n\t\t<div class=\"elementor-element elementor-element-b9aa9b1 e-flex e-con-boxed e-con e-parent\" data-id=\"b9aa9b1\" data-element_type=\"container\">\n\t\t\t\t\t<div class=\"e-con-inner\">\n\t\t\t\t<div class=\"elementor-element elementor-element-8221ad7 elementor-widget elementor-widget-spacer\" data-id=\"8221ad7\" data-element_type=\"widget\" data-widget_type=\"spacer.default\">\n\t\t\t\t<div class=\"elementor-widget-container\">\n\t\t\t\t\t\t\t<div class=\"elementor-spacer\">\n\t\t\t<div class=\"elementor-spacer-inner\"><\/div>\n\t\t<\/div>\n\t\t\t\t\t\t<\/div>\n\t\t\t\t<\/div>\n\t\t\t\t\t<\/div>\n\t\t\t\t<\/div>\n\t\t\t\t<\/div>","protected":false},"excerpt":{"rendered":"<p>Eurovelo 6 Az EuroVelo 6 (EV6) egy n\u00e9pszer\u0171, nemzetk\u00f6zi ker\u00e9kp\u00e1ros t\u00fara\u00fatvonal, amely a L\u00f3denf\u00f6ldt\u0151l a Fekete-tengerig vezet, \u00e9s t\u00f6bb eur\u00f3pai orsz\u00e1gon \u00e1t halad. Az \u00fatvonal mintegy 3 600 kilom\u00e9ter hossz\u00fa, \u00e9s gy\u00f6ny\u00f6r\u0171 t\u00e1jakon, t\u00f6rt\u00e9nelmi v\u00e1rosokon kereszt\u00fcl vezet, ide\u00e1lis v\u00e1laszt\u00e1s a kalandoroknak \u00e9s a term\u00e9szet kedvel\u0151inek. Az EuroVelo 6 az egyik legn\u00e9pszer\u0171bb ker\u00e9kp\u00e1ros \u00fatvonal, amely \u00f6sszek\u00f6ti [&hellip;]<\/p>","protected":false},"author":1,"featured_media":0,"parent":0,"menu_order":0,"comment_status":"closed","ping_status":"closed","template":"elementor_header_footer","meta":{"footnotes":""},"class_list":["post-288","page","type-page","status-publish","hentry"],"_links":{"self":[{"href":"https:\/\/gabi.chatasturovo.sk\/en\/wp-json\/wp\/v2\/pages\/288","targetHints":{"allow":["GET"]}}],"collection":[{"href":"https:\/\/gabi.chatasturovo.sk\/en\/wp-json\/wp\/v2\/pages"}],"about":[{"href":"https:\/\/gabi.chatasturovo.sk\/en\/wp-json\/wp\/v2\/types\/page"}],"author":[{"embeddable":true,"href":"https:\/\/gabi.chatasturovo.sk\/en\/wp-json\/wp\/v2\/users\/1"}],"replies":[{"embeddable":true,"href":"https:\/\/gabi.chatasturovo.sk\/en\/wp-json\/wp\/v2\/comments?post=288"}],"version-history":[{"count":11,"href":"https:\/\/gabi.chatasturovo.sk\/en\/wp-json\/wp\/v2\/pages\/288\/revisions"}],"predecessor-version":[{"id":566,"href":"https:\/\/gabi.chatasturovo.sk\/en\/wp-json\/wp\/v2\/pages\/288\/revisions\/566"}],"wp:attachment":[{"href":"https:\/\/gabi.chatasturovo.sk\/en\/wp-json\/wp\/v2\/media?parent=288"}],"curies":[{"name":"wp","href":"https:\/\/api.w.org\/{rel}","templated":true}]}}