{"id":293,"date":"2025-01-11T18:58:01","date_gmt":"2025-01-11T17:58:01","guid":{"rendered":"https:\/\/gabi.chatasturovo.sk\/?page_id=293"},"modified":"2025-01-12T16:14:37","modified_gmt":"2025-01-12T15:14:37","slug":"vizi-sportok","status":"publish","type":"page","link":"https:\/\/gabi.chatasturovo.sk\/en\/vizi-sportok\/","title":{"rendered":"Water sports"},"content":{"rendered":"<div data-elementor-type=\"wp-page\" data-elementor-id=\"293\" class=\"elementor elementor-293\">\n\t\t\t\t<div class=\"elementor-element elementor-element-606f736 e-flex e-con-boxed e-con e-parent\" data-id=\"606f736\" data-element_type=\"container\">\n\t\t\t\t\t<div class=\"e-con-inner\">\n\t\t\t\t<div class=\"elementor-element elementor-element-66f40e3 elementor-widget elementor-widget-spacer\" data-id=\"66f40e3\" data-element_type=\"widget\" data-widget_type=\"spacer.default\">\n\t\t\t\t<div class=\"elementor-widget-container\">\n\t\t\t\t\t\t\t<div class=\"elementor-spacer\">\n\t\t\t<div class=\"elementor-spacer-inner\"><\/div>\n\t\t<\/div>\n\t\t\t\t\t\t<\/div>\n\t\t\t\t<\/div>\n\t\t<div class=\"elementor-element elementor-element-175d2b6 e-con-full e-flex e-con e-child\" data-id=\"175d2b6\" data-element_type=\"container\">\n\t\t\t\t<div class=\"elementor-element elementor-element-894ddb5 elementor-widget elementor-widget-heading\" data-id=\"894ddb5\" data-element_type=\"widget\" data-widget_type=\"heading.default\">\n\t\t\t\t<div class=\"elementor-widget-container\">\n\t\t\t\t\t<h1 class=\"elementor-heading-title elementor-size-default\">Water sports<\/h1>\t\t\t\t<\/div>\n\t\t\t\t<\/div>\n\t\t\t\t<\/div>\n\t\t\t\t\t<\/div>\n\t\t\t\t<\/div>\n\t\t<div class=\"elementor-element elementor-element-ab94e4c e-grid e-con-boxed e-con e-parent\" data-id=\"ab94e4c\" data-element_type=\"container\">\n\t\t\t\t\t<div class=\"e-con-inner\">\n\t\t\t\t<div class=\"elementor-element elementor-element-cfc1ebf elementor-widget elementor-widget-image\" data-id=\"cfc1ebf\" data-element_type=\"widget\" data-widget_type=\"image.default\">\n\t\t\t\t<div class=\"elementor-widget-container\">\n\t\t\t\t\t\t\t\t\t\t\t\t\t\t\t<img fetchpriority=\"high\" decoding=\"async\" width=\"1024\" height=\"576\" src=\"https:\/\/gabi.chatasturovo.sk\/wp-content\/uploads\/2025\/01\/Bez-nazvu-1024x576.jpg\" class=\"attachment-large size-large wp-image-481\" alt=\"\" srcset=\"https:\/\/gabi.chatasturovo.sk\/wp-content\/uploads\/2025\/01\/Bez-nazvu-1024x576.jpg 1024w, https:\/\/gabi.chatasturovo.sk\/wp-content\/uploads\/2025\/01\/Bez-nazvu-300x169.jpg 300w, https:\/\/gabi.chatasturovo.sk\/wp-content\/uploads\/2025\/01\/Bez-nazvu-768x432.jpg 768w, https:\/\/gabi.chatasturovo.sk\/wp-content\/uploads\/2025\/01\/Bez-nazvu-750x422.jpg 750w, https:\/\/gabi.chatasturovo.sk\/wp-content\/uploads\/2025\/01\/Bez-nazvu-1140x641.jpg 1140w, https:\/\/gabi.chatasturovo.sk\/wp-content\/uploads\/2025\/01\/Bez-nazvu.jpg 1152w\" sizes=\"(max-width: 678px) 100vw, 678px\" \/>\t\t\t\t\t\t\t\t\t\t\t\t\t\t\t<\/div>\n\t\t\t\t<\/div>\n\t\t\t\t<div class=\"elementor-element elementor-element-8656155 elementor-widget elementor-widget-text-editor\" data-id=\"8656155\" data-element_type=\"widget\" data-widget_type=\"text-editor.default\">\n\t\t\t\t<div class=\"elementor-widget-container\">\n\t\t\t\t\t\t\t\t\t<p>A v\u00edzi sportok, mint a kajakoz\u00e1s, v\u00edzis\u00edel\u00e9s \u00e9s paddleboardoz\u00e1s, nagyszer\u0171 lehet\u0151s\u00e9get k\u00edn\u00e1lnak az akt\u00edv kikapcsol\u00f3d\u00e1sra \u00e9s a term\u00e9szet k\u00f6zels\u00e9g\u00e9nek \u00e9lvezet\u00e9re.<\/p><p>A kajakoz\u00e1s n\u00e9pszer\u0171 v\u00e1laszt\u00e1s a csendesebb vizeket kedvel\u0151k k\u00f6r\u00e9ben, mivel a foly\u00f3kon, tavakon vagy ak\u00e1r a tengeren is lehet\u0151s\u00e9g ny\u00edlik felfedezni a k\u00f6rny\u00e9ket.<\/p><p>A v\u00edzis\u00edel\u00e9s adrenalinban gazdag sport, amely kiv\u00e1l\u00f3an fejleszti az egyens\u00faly\u00e9rz\u00e9ket \u00e9s a koordin\u00e1ci\u00f3t, mik\u00f6zben l\u00e1tv\u00e1nyos sebess\u00e9g\u00e9lm\u00e9nyt ny\u00fajt.<\/p><p>A paddleboardoz\u00e1s (SUP) egyre nagyobb n\u00e9pszer\u0171s\u00e9gnek \u00f6rvend, hiszen k\u00f6nnyen elsaj\u00e1t\u00edthat\u00f3, \u00e9s ak\u00e1r \u00e1llva, ak\u00e1r \u00fclve \u00e9lvezhet\u0151, mik\u00f6zben jav\u00edtja a testtart\u00e1st \u00e9s az \u00e1ll\u00f3k\u00e9pess\u00e9get.<\/p><p>Ezek a sportok nemcsak kiv\u00e1l\u00f3 testmozg\u00e1st biztos\u00edtanak, hanem remek alkalmat teremtenek arra is, hogy bar\u00e1tokkal vagy csal\u00e1ddal k\u00f6z\u00f6sen t\u00f6lts\u00fck az id\u0151t a v\u00edzen.<\/p>\t\t\t\t\t\t\t\t<\/div>\n\t\t\t\t<\/div>\n\t\t\t\t\t<\/div>\n\t\t\t\t<\/div>\n\t\t<div class=\"elementor-element elementor-element-b9aa9b1 e-flex e-con-boxed e-con e-parent\" data-id=\"b9aa9b1\" data-element_type=\"container\">\n\t\t\t\t\t<div class=\"e-con-inner\">\n\t\t\t\t<div class=\"elementor-element elementor-element-8221ad7 elementor-widget elementor-widget-spacer\" data-id=\"8221ad7\" data-element_type=\"widget\" data-widget_type=\"spacer.default\">\n\t\t\t\t<div class=\"elementor-widget-container\">\n\t\t\t\t\t\t\t<div class=\"elementor-spacer\">\n\t\t\t<div class=\"elementor-spacer-inner\"><\/div>\n\t\t<\/div>\n\t\t\t\t\t\t<\/div>\n\t\t\t\t<\/div>\n\t\t\t\t\t<\/div>\n\t\t\t\t<\/div>\n\t\t\t\t<\/div>","protected":false},"excerpt":{"rendered":"<p>V\u00edzi sportok A v\u00edzi sportok, mint a kajakoz\u00e1s, v\u00edzis\u00edel\u00e9s \u00e9s paddleboardoz\u00e1s, nagyszer\u0171 lehet\u0151s\u00e9get k\u00edn\u00e1lnak az akt\u00edv kikapcsol\u00f3d\u00e1sra \u00e9s a term\u00e9szet k\u00f6zels\u00e9g\u00e9nek \u00e9lvezet\u00e9re. A kajakoz\u00e1s n\u00e9pszer\u0171 v\u00e1laszt\u00e1s a csendesebb vizeket kedvel\u0151k k\u00f6r\u00e9ben, mivel a foly\u00f3kon, tavakon vagy ak\u00e1r a tengeren is lehet\u0151s\u00e9g ny\u00edlik felfedezni a k\u00f6rny\u00e9ket. A v\u00edzis\u00edel\u00e9s adrenalinban gazdag sport, amely kiv\u00e1l\u00f3an fejleszti az egyens\u00faly\u00e9rz\u00e9ket [&hellip;]<\/p>","protected":false},"author":1,"featured_media":0,"parent":0,"menu_order":0,"comment_status":"closed","ping_status":"closed","template":"elementor_header_footer","meta":{"footnotes":""},"class_list":["post-293","page","type-page","status-publish","hentry"],"_links":{"self":[{"href":"https:\/\/gabi.chatasturovo.sk\/en\/wp-json\/wp\/v2\/pages\/293","targetHints":{"allow":["GET"]}}],"collection":[{"href":"https:\/\/gabi.chatasturovo.sk\/en\/wp-json\/wp\/v2\/pages"}],"about":[{"href":"https:\/\/gabi.chatasturovo.sk\/en\/wp-json\/wp\/v2\/types\/page"}],"author":[{"embeddable":true,"href":"https:\/\/gabi.chatasturovo.sk\/en\/wp-json\/wp\/v2\/users\/1"}],"replies":[{"embeddable":true,"href":"https:\/\/gabi.chatasturovo.sk\/en\/wp-json\/wp\/v2\/comments?post=293"}],"version-history":[{"count":10,"href":"https:\/\/gabi.chatasturovo.sk\/en\/wp-json\/wp\/v2\/pages\/293\/revisions"}],"predecessor-version":[{"id":510,"href":"https:\/\/gabi.chatasturovo.sk\/en\/wp-json\/wp\/v2\/pages\/293\/revisions\/510"}],"wp:attachment":[{"href":"https:\/\/gabi.chatasturovo.sk\/en\/wp-json\/wp\/v2\/media?parent=293"}],"curies":[{"name":"wp","href":"https:\/\/api.w.org\/{rel}","templated":true}]}}