{"id":305,"date":"2025-01-11T19:04:41","date_gmt":"2025-01-11T18:04:41","guid":{"rendered":"https:\/\/gabi.chatasturovo.sk\/?page_id=305"},"modified":"2025-01-13T19:23:47","modified_gmt":"2025-01-13T18:23:47","slug":"helyi-ostermelok","status":"publish","type":"page","link":"https:\/\/gabi.chatasturovo.sk\/en\/helyi-ostermelok\/","title":{"rendered":"Local producers"},"content":{"rendered":"<div data-elementor-type=\"wp-page\" data-elementor-id=\"305\" class=\"elementor elementor-305\">\n\t\t\t\t<div class=\"elementor-element elementor-element-606f736 e-flex e-con-boxed e-con e-parent\" data-id=\"606f736\" data-element_type=\"container\">\n\t\t\t\t\t<div class=\"e-con-inner\">\n\t\t\t\t<div class=\"elementor-element elementor-element-66f40e3 elementor-widget elementor-widget-spacer\" data-id=\"66f40e3\" data-element_type=\"widget\" data-widget_type=\"spacer.default\">\n\t\t\t\t<div class=\"elementor-widget-container\">\n\t\t\t\t\t\t\t<div class=\"elementor-spacer\">\n\t\t\t<div class=\"elementor-spacer-inner\"><\/div>\n\t\t<\/div>\n\t\t\t\t\t\t<\/div>\n\t\t\t\t<\/div>\n\t\t<div class=\"elementor-element elementor-element-175d2b6 e-con-full e-flex e-con e-child\" data-id=\"175d2b6\" data-element_type=\"container\">\n\t\t\t\t<div class=\"elementor-element elementor-element-894ddb5 elementor-widget elementor-widget-heading\" data-id=\"894ddb5\" data-element_type=\"widget\" data-widget_type=\"heading.default\">\n\t\t\t\t<div class=\"elementor-widget-container\">\n\t\t\t\t\t<h1 class=\"elementor-heading-title elementor-size-default\">Local producers<\/h1>\t\t\t\t<\/div>\n\t\t\t\t<\/div>\n\t\t\t\t<\/div>\n\t\t\t\t\t<\/div>\n\t\t\t\t<\/div>\n\t\t<div class=\"elementor-element elementor-element-ab94e4c e-grid e-con-boxed e-con e-parent\" data-id=\"ab94e4c\" data-element_type=\"container\">\n\t\t\t\t\t<div class=\"e-con-inner\">\n\t\t\t\t<div class=\"elementor-element elementor-element-cfc1ebf elementor-widget elementor-widget-image\" data-id=\"cfc1ebf\" data-element_type=\"widget\" data-widget_type=\"image.default\">\n\t\t\t\t<div class=\"elementor-widget-container\">\n\t\t\t\t\t\t\t\t\t\t\t\t\t\t\t<img fetchpriority=\"high\" decoding=\"async\" width=\"1024\" height=\"379\" src=\"https:\/\/gabi.chatasturovo.sk\/wp-content\/uploads\/2025\/01\/asboth-1024x379.jpg\" class=\"attachment-large size-large wp-image-625\" alt=\"\" srcset=\"https:\/\/gabi.chatasturovo.sk\/wp-content\/uploads\/2025\/01\/asboth-1024x379.jpg 1024w, https:\/\/gabi.chatasturovo.sk\/wp-content\/uploads\/2025\/01\/asboth-300x111.jpg 300w, https:\/\/gabi.chatasturovo.sk\/wp-content\/uploads\/2025\/01\/asboth-768x284.jpg 768w, https:\/\/gabi.chatasturovo.sk\/wp-content\/uploads\/2025\/01\/asboth-1536x569.jpg 1536w, https:\/\/gabi.chatasturovo.sk\/wp-content\/uploads\/2025\/01\/asboth-750x278.jpg 750w, https:\/\/gabi.chatasturovo.sk\/wp-content\/uploads\/2025\/01\/asboth-1140x422.jpg 1140w, https:\/\/gabi.chatasturovo.sk\/wp-content\/uploads\/2025\/01\/asboth.jpg 1702w\" sizes=\"(max-width: 678px) 100vw, 678px\" \/>\t\t\t\t\t\t\t\t\t\t\t\t\t\t\t<\/div>\n\t\t\t\t<\/div>\n\t\t\t\t<div class=\"elementor-element elementor-element-8656155 elementor-widget elementor-widget-text-editor\" data-id=\"8656155\" data-element_type=\"widget\" data-widget_type=\"text-editor.default\">\n\t\t\t\t<div class=\"elementor-widget-container\">\n\t\t\t\t\t\t\t\t\t<p>Az Asboth Bee Farm egy csal\u00e1di m\u00e9h\u00e9szet, amely a term\u00e9szetk\u00f6zeli m\u00e9h\u00e9szked\u00e9s hagyom\u00e1nyait \u00f6tv\u00f6zi a modern technol\u00f3gi\u00e1kkal.<\/p><p>A farm kiv\u00e1l\u00f3 min\u0151s\u00e9g\u0171, tiszta m\u00e9zeket k\u00edn\u00e1l, amelyek a helyi n\u00f6v\u00e9nyvil\u00e1g gazdags\u00e1g\u00e1t \u00e9s soksz\u00edn\u0171s\u00e9g\u00e9t t\u00fckr\u00f6zik.<\/p><p>Az \u00e9rdekl\u0151d\u0151k sz\u00e1m\u00e1ra betekint\u00e9st ny\u00fajtanak a m\u00e9h\u00e9szked\u00e9s vil\u00e1g\u00e1ba, vezetett t\u00far\u00e1k \u00e9s interakt\u00edv bemutat\u00f3k form\u00e1j\u00e1ban.<\/p><p>Az Asboth Bee Farm term\u00e9kei k\u00f6z\u00f6tt nemcsak m\u00e9z, hanem m\u00e9hviaszb\u00f3l k\u00e9sz\u00fclt gyerty\u00e1k \u00e9s m\u00e1s term\u00e9szetes m\u00e9h\u00e9szeti term\u00e9kek is megtal\u00e1lhat\u00f3k.<\/p><p>A farm k\u00fcl\u00f6nleges \u00e9lm\u00e9nyt k\u00edn\u00e1l azok sz\u00e1m\u00e1ra, akik szeretn\u00e9k meg\u00e9rteni a m\u00e9hek fontoss\u00e1g\u00e1t \u00e9s a fenntarthat\u00f3 m\u00e9h\u00e9szked\u00e9s szerep\u00e9t a k\u00f6rnyezetv\u00e9delemben.<\/p><p>https:\/\/www.facebook.com\/asbothbeefarm<\/p>\t\t\t\t\t\t\t\t<\/div>\n\t\t\t\t<\/div>\n\t\t\t\t\t<\/div>\n\t\t\t\t<\/div>\n\t\t<div class=\"elementor-element elementor-element-b9aa9b1 e-flex e-con-boxed e-con e-parent\" data-id=\"b9aa9b1\" data-element_type=\"container\">\n\t\t\t\t\t<div class=\"e-con-inner\">\n\t\t\t\t<div class=\"elementor-element elementor-element-8221ad7 elementor-widget elementor-widget-spacer\" data-id=\"8221ad7\" data-element_type=\"widget\" data-widget_type=\"spacer.default\">\n\t\t\t\t<div class=\"elementor-widget-container\">\n\t\t\t\t\t\t\t<div class=\"elementor-spacer\">\n\t\t\t<div class=\"elementor-spacer-inner\"><\/div>\n\t\t<\/div>\n\t\t\t\t\t\t<\/div>\n\t\t\t\t<\/div>\n\t\t\t\t\t<\/div>\n\t\t\t\t<\/div>\n\t\t\t\t<\/div>","protected":false},"excerpt":{"rendered":"<p>Helyi \u0151stermel\u0151k Az Asboth Bee Farm egy csal\u00e1di m\u00e9h\u00e9szet, amely a term\u00e9szetk\u00f6zeli m\u00e9h\u00e9szked\u00e9s hagyom\u00e1nyait \u00f6tv\u00f6zi a modern technol\u00f3gi\u00e1kkal. A farm kiv\u00e1l\u00f3 min\u0151s\u00e9g\u0171, tiszta m\u00e9zeket k\u00edn\u00e1l, amelyek a helyi n\u00f6v\u00e9nyvil\u00e1g gazdags\u00e1g\u00e1t \u00e9s soksz\u00edn\u0171s\u00e9g\u00e9t t\u00fckr\u00f6zik. Az \u00e9rdekl\u0151d\u0151k sz\u00e1m\u00e1ra betekint\u00e9st ny\u00fajtanak a m\u00e9h\u00e9szked\u00e9s vil\u00e1g\u00e1ba, vezetett t\u00far\u00e1k \u00e9s interakt\u00edv bemutat\u00f3k form\u00e1j\u00e1ban. Az Asboth Bee Farm term\u00e9kei k\u00f6z\u00f6tt nemcsak m\u00e9z, [&hellip;]<\/p>","protected":false},"author":1,"featured_media":0,"parent":0,"menu_order":0,"comment_status":"closed","ping_status":"closed","template":"elementor_header_footer","meta":{"footnotes":""},"class_list":["post-305","page","type-page","status-publish","hentry"],"_links":{"self":[{"href":"https:\/\/gabi.chatasturovo.sk\/en\/wp-json\/wp\/v2\/pages\/305","targetHints":{"allow":["GET"]}}],"collection":[{"href":"https:\/\/gabi.chatasturovo.sk\/en\/wp-json\/wp\/v2\/pages"}],"about":[{"href":"https:\/\/gabi.chatasturovo.sk\/en\/wp-json\/wp\/v2\/types\/page"}],"author":[{"embeddable":true,"href":"https:\/\/gabi.chatasturovo.sk\/en\/wp-json\/wp\/v2\/users\/1"}],"replies":[{"embeddable":true,"href":"https:\/\/gabi.chatasturovo.sk\/en\/wp-json\/wp\/v2\/comments?post=305"}],"version-history":[{"count":19,"href":"https:\/\/gabi.chatasturovo.sk\/en\/wp-json\/wp\/v2\/pages\/305\/revisions"}],"predecessor-version":[{"id":631,"href":"https:\/\/gabi.chatasturovo.sk\/en\/wp-json\/wp\/v2\/pages\/305\/revisions\/631"}],"wp:attachment":[{"href":"https:\/\/gabi.chatasturovo.sk\/en\/wp-json\/wp\/v2\/media?parent=305"}],"curies":[{"name":"wp","href":"https:\/\/api.w.org\/{rel}","templated":true}]}}