{"id":319,"date":"2025-01-11T19:08:19","date_gmt":"2025-01-11T18:08:19","guid":{"rendered":"https:\/\/gabi.chatasturovo.sk\/?page_id=319"},"modified":"2025-01-13T18:59:50","modified_gmt":"2025-01-13T17:59:50","slug":"programok-esemenyek","status":"publish","type":"page","link":"https:\/\/gabi.chatasturovo.sk\/en\/programok-esemenyek\/","title":{"rendered":"Programs &amp; Events"},"content":{"rendered":"<div data-elementor-type=\"wp-page\" data-elementor-id=\"319\" class=\"elementor elementor-319\">\n\t\t\t\t<div class=\"elementor-element elementor-element-606f736 e-flex e-con-boxed e-con e-parent\" data-id=\"606f736\" data-element_type=\"container\">\n\t\t\t\t\t<div class=\"e-con-inner\">\n\t\t\t\t<div class=\"elementor-element elementor-element-66f40e3 elementor-widget elementor-widget-spacer\" data-id=\"66f40e3\" data-element_type=\"widget\" data-widget_type=\"spacer.default\">\n\t\t\t\t<div class=\"elementor-widget-container\">\n\t\t\t\t\t\t\t<div class=\"elementor-spacer\">\n\t\t\t<div class=\"elementor-spacer-inner\"><\/div>\n\t\t<\/div>\n\t\t\t\t\t\t<\/div>\n\t\t\t\t<\/div>\n\t\t<div class=\"elementor-element elementor-element-175d2b6 e-con-full e-flex e-con e-child\" data-id=\"175d2b6\" data-element_type=\"container\">\n\t\t\t\t<div class=\"elementor-element elementor-element-894ddb5 elementor-widget elementor-widget-heading\" data-id=\"894ddb5\" data-element_type=\"widget\" data-widget_type=\"heading.default\">\n\t\t\t\t<div class=\"elementor-widget-container\">\n\t\t\t\t\t<h1 class=\"elementor-heading-title elementor-size-default\">Programok & Esem\u00e9nyek<\/h1>\t\t\t\t<\/div>\n\t\t\t\t<\/div>\n\t\t\t\t<\/div>\n\t\t\t\t\t<\/div>\n\t\t\t\t<\/div>\n\t\t<div class=\"elementor-element elementor-element-ab94e4c e-grid e-con-boxed e-con e-parent\" data-id=\"ab94e4c\" data-element_type=\"container\">\n\t\t\t\t\t<div class=\"e-con-inner\">\n\t\t\t\t<div class=\"elementor-element elementor-element-cfc1ebf elementor-widget elementor-widget-image\" data-id=\"cfc1ebf\" data-element_type=\"widget\" data-widget_type=\"image.default\">\n\t\t\t\t<div class=\"elementor-widget-container\">\n\t\t\t\t\t\t\t\t\t\t\t\t\t\t\t<img fetchpriority=\"high\" decoding=\"async\" width=\"768\" height=\"432\" src=\"https:\/\/gabi.chatasturovo.sk\/wp-content\/uploads\/2025\/01\/knnapok.jpg\" class=\"attachment-large size-large wp-image-579\" alt=\"\" srcset=\"https:\/\/gabi.chatasturovo.sk\/wp-content\/uploads\/2025\/01\/knnapok.jpg 768w, https:\/\/gabi.chatasturovo.sk\/wp-content\/uploads\/2025\/01\/knnapok-300x169.jpg 300w, https:\/\/gabi.chatasturovo.sk\/wp-content\/uploads\/2025\/01\/knnapok-750x422.jpg 750w\" sizes=\"(max-width: 678px) 100vw, 678px\" \/>\t\t\t\t\t\t\t\t\t\t\t\t\t\t\t<\/div>\n\t\t\t\t<\/div>\n\t\t\t\t<div class=\"elementor-element elementor-element-8656155 elementor-widget elementor-widget-text-editor\" data-id=\"8656155\" data-element_type=\"widget\" data-widget_type=\"text-editor.default\">\n\t\t\t\t<div class=\"elementor-widget-container\">\n\t\t\t\t\t\t\t\t\t<p><strong>Kom\u00e1romi Napok<\/strong>: Ez a n\u00e9pszer\u0171 rendezv\u00e9nysorozat a v\u00e1ros t\u00f6rt\u00e9nelmi \u00e9s kultur\u00e1lis \u00f6r\u00f6ks\u00e9g\u00e9t \u00fcnnepli, sz\u00e1mos koncerttel, ki\u00e1ll\u00edt\u00e1ssal \u00e9s gasztron\u00f3miai programmal, amelyeket mindk\u00e9t Kom\u00e1romban (szlov\u00e1k \u00e9s magyar oldalon) tartanak.<\/p><p><strong>Simon J\u00fada V\u00e1s\u00e1r<\/strong>: A h\u00edres v\u00e1s\u00e1r P\u00e1rk\u00e1nyban ker\u00fcl megrendez\u00e9sre, ahol a l\u00e1togat\u00f3k k\u00e9zm\u0171ves term\u00e9kek, helyi \u00e9telek \u00e9s sz\u00ednes programok k\u00f6z\u00f6tt v\u00e1logathatnak, megid\u00e9zve a hagyom\u00e1nyos v\u00e1s\u00e1ri hangulatot.<\/p><p><strong>Andr\u00e1s-napi V\u00e1s\u00e1r<\/strong>: Ez a rendezv\u00e9ny a hagyom\u00e1nyos t\u00e9li v\u00e1s\u00e1rok hangulat\u00e1t eleven\u00edti fel, ahol helyi termel\u0151k \u00e9s k\u00e9zm\u0171vesek k\u00edn\u00e1lj\u00e1k port\u00e9k\u00e1ikat, mik\u00f6zben zen\u00e9s-t\u00e1ncos programok sz\u00f3rakoztatj\u00e1k a r\u00e9sztvev\u0151ket.<\/p><p><strong>Radv\u00e1nyi Falunap<\/strong>: A radv\u00e1nyi falunap a k\u00f6z\u00f6ss\u00e9g \u00f6sszefog\u00e1s\u00e1t \u00e9s hagyom\u00e1nyainak meg\u0151rz\u00e9s\u00e9t \u00fcnnepli, ahol helyi \u00e9telek, kultur\u00e1lis bemutat\u00f3k \u00e9s gyerekprogramok v\u00e1rj\u00e1k a l\u00e1togat\u00f3kat.<\/p><p><strong>Mocsi Falunap<\/strong>: A mocsi falunap egy vid\u00e1m, csal\u00e1dias esem\u00e9ny, amely lehet\u0151s\u00e9get ad a k\u00f6z\u00f6ss\u00e9g tagjainak tal\u00e1lkoz\u00e1sra, mik\u00f6zben sz\u00ednes sz\u00ednpadi m\u0171sorok \u00e9s gasztron\u00f3miai \u00e9lm\u00e9nyek biztos\u00edtanak kikapcsol\u00f3d\u00e1st.<\/p>\t\t\t\t\t\t\t\t<\/div>\n\t\t\t\t<\/div>\n\t\t\t\t\t<\/div>\n\t\t\t\t<\/div>\n\t\t<div class=\"elementor-element elementor-element-b9aa9b1 e-flex e-con-boxed e-con e-parent\" data-id=\"b9aa9b1\" data-element_type=\"container\">\n\t\t\t\t\t<div class=\"e-con-inner\">\n\t\t\t\t<div class=\"elementor-element elementor-element-8221ad7 elementor-widget elementor-widget-spacer\" data-id=\"8221ad7\" data-element_type=\"widget\" data-widget_type=\"spacer.default\">\n\t\t\t\t<div class=\"elementor-widget-container\">\n\t\t\t\t\t\t\t<div class=\"elementor-spacer\">\n\t\t\t<div class=\"elementor-spacer-inner\"><\/div>\n\t\t<\/div>\n\t\t\t\t\t\t<\/div>\n\t\t\t\t<\/div>\n\t\t\t\t\t<\/div>\n\t\t\t\t<\/div>\n\t\t\t\t<\/div>","protected":false},"excerpt":{"rendered":"<p>Programok &amp; Esem\u00e9nyek Kom\u00e1romi Napok: Ez a n\u00e9pszer\u0171 rendezv\u00e9nysorozat a v\u00e1ros t\u00f6rt\u00e9nelmi \u00e9s kultur\u00e1lis \u00f6r\u00f6ks\u00e9g\u00e9t \u00fcnnepli, sz\u00e1mos koncerttel, ki\u00e1ll\u00edt\u00e1ssal \u00e9s gasztron\u00f3miai programmal, amelyeket mindk\u00e9t Kom\u00e1romban (szlov\u00e1k \u00e9s magyar oldalon) tartanak. Simon J\u00fada V\u00e1s\u00e1r: A h\u00edres v\u00e1s\u00e1r P\u00e1rk\u00e1nyban ker\u00fcl megrendez\u00e9sre, ahol a l\u00e1togat\u00f3k k\u00e9zm\u0171ves term\u00e9kek, helyi \u00e9telek \u00e9s sz\u00ednes programok k\u00f6z\u00f6tt v\u00e1logathatnak, megid\u00e9zve a hagyom\u00e1nyos v\u00e1s\u00e1ri [&hellip;]<\/p>","protected":false},"author":1,"featured_media":0,"parent":0,"menu_order":0,"comment_status":"closed","ping_status":"closed","template":"elementor_header_footer","meta":{"footnotes":""},"class_list":["post-319","page","type-page","status-publish","hentry"],"_links":{"self":[{"href":"https:\/\/gabi.chatasturovo.sk\/en\/wp-json\/wp\/v2\/pages\/319","targetHints":{"allow":["GET"]}}],"collection":[{"href":"https:\/\/gabi.chatasturovo.sk\/en\/wp-json\/wp\/v2\/pages"}],"about":[{"href":"https:\/\/gabi.chatasturovo.sk\/en\/wp-json\/wp\/v2\/types\/page"}],"author":[{"embeddable":true,"href":"https:\/\/gabi.chatasturovo.sk\/en\/wp-json\/wp\/v2\/users\/1"}],"replies":[{"embeddable":true,"href":"https:\/\/gabi.chatasturovo.sk\/en\/wp-json\/wp\/v2\/comments?post=319"}],"version-history":[{"count":10,"href":"https:\/\/gabi.chatasturovo.sk\/en\/wp-json\/wp\/v2\/pages\/319\/revisions"}],"predecessor-version":[{"id":582,"href":"https:\/\/gabi.chatasturovo.sk\/en\/wp-json\/wp\/v2\/pages\/319\/revisions\/582"}],"wp:attachment":[{"href":"https:\/\/gabi.chatasturovo.sk\/en\/wp-json\/wp\/v2\/media?parent=319"}],"curies":[{"name":"wp","href":"https:\/\/api.w.org\/{rel}","templated":true}]}}