{"id":345,"date":"2025-01-11T19:34:59","date_gmt":"2025-01-11T18:34:59","guid":{"rendered":"https:\/\/gabi.chatasturovo.sk\/?page_id=345"},"modified":"2025-01-11T21:52:18","modified_gmt":"2025-01-11T20:52:18","slug":"rolunk","status":"publish","type":"page","link":"https:\/\/gabi.chatasturovo.sk\/en\/rolunk\/","title":{"rendered":"About us"},"content":{"rendered":"<div data-elementor-type=\"wp-page\" data-elementor-id=\"345\" class=\"elementor elementor-345\">\n\t\t\t\t<div class=\"elementor-element elementor-element-ab94e4c e-grid e-con-boxed e-con e-parent\" data-id=\"ab94e4c\" data-element_type=\"container\">\n\t\t\t\t\t<div class=\"e-con-inner\">\n\t\t\t\t<div class=\"elementor-element elementor-element-cfc1ebf elementor-widget elementor-widget-image\" data-id=\"cfc1ebf\" data-element_type=\"widget\" data-widget_type=\"image.default\">\n\t\t\t\t<div class=\"elementor-widget-container\">\n\t\t\t\t\t\t\t\t\t\t\t\t\t\t\t<img fetchpriority=\"high\" decoding=\"async\" width=\"768\" height=\"576\" src=\"https:\/\/gabi.chatasturovo.sk\/wp-content\/uploads\/2024\/11\/radvan-10.jpg\" class=\"attachment-large size-large wp-image-49\" alt=\"\" srcset=\"https:\/\/gabi.chatasturovo.sk\/wp-content\/uploads\/2024\/11\/radvan-10.jpg 768w, https:\/\/gabi.chatasturovo.sk\/wp-content\/uploads\/2024\/11\/radvan-10-300x225.jpg 300w\" sizes=\"(max-width: 678px) 100vw, 678px\" \/>\t\t\t\t\t\t\t\t\t\t\t\t\t\t\t<\/div>\n\t\t\t\t<\/div>\n\t\t\t\t<div class=\"elementor-element elementor-element-8656155 elementor-widget elementor-widget-text-editor\" data-id=\"8656155\" data-element_type=\"widget\" data-widget_type=\"text-editor.default\">\n\t\t\t\t<div class=\"elementor-widget-container\">\n\t\t\t\t\t\t\t\t\t<p><span style=\"font-weight: 400;\">\u00dcdv\u00f6zl\u00fcnk weboldalunkon, ahol mindent megtal\u00e1lsz a t\u00f6k\u00e9letes kikapcsol\u00f3d\u00e1shoz! <\/span><\/p>\n<p><span style=\"font-weight: 400;\">K\u00edn\u00e1latunkban szerepelnek sportol\u00e1si lehet\u0151s\u00e9gek, vezetett kir\u00e1ndul\u00e1sok a k\u00f6rny\u00e9k term\u00e9szeti kincseihez, valamint \u00e9ttermek, ahol helyi specialit\u00e1sokat k\u00f3stolhatsz.&nbsp;<\/span><\/p><p><span style=\"font-weight: 400;\">T\u00f6ltsd vel\u00fcnk a szabadid\u0151det, \u00e9s \u00e9lvezd a pihen\u00e9st egyed\u00fcl, bar\u00e1tokkal vagy csal\u00e1ddal!<\/span><\/p>\t\t\t\t\t\t\t\t<\/div>\n\t\t\t\t<\/div>\n\t\t\t\t\t<\/div>\n\t\t\t\t<\/div>\n\t\t<div class=\"elementor-element elementor-element-b9aa9b1 e-flex e-con-boxed e-con e-parent\" data-id=\"b9aa9b1\" data-element_type=\"container\">\n\t\t\t\t\t<div class=\"e-con-inner\">\n\t\t\t\t<div class=\"elementor-element elementor-element-8221ad7 elementor-widget elementor-widget-spacer\" data-id=\"8221ad7\" data-element_type=\"widget\" data-widget_type=\"spacer.default\">\n\t\t\t\t<div class=\"elementor-widget-container\">\n\t\t\t\t\t\t\t<div class=\"elementor-spacer\">\n\t\t\t<div class=\"elementor-spacer-inner\"><\/div>\n\t\t<\/div>\n\t\t\t\t\t\t<\/div>\n\t\t\t\t<\/div>\n\t\t\t\t\t<\/div>\n\t\t\t\t<\/div>\n\t\t\t\t<\/div>","protected":false},"excerpt":{"rendered":"<p>\u00dcdv\u00f6zl\u00fcnk weboldalunkon, ahol mindent megtal\u00e1lsz a t\u00f6k\u00e9letes kikapcsol\u00f3d\u00e1shoz! K\u00edn\u00e1latunkban szerepelnek sportol\u00e1si lehet\u0151s\u00e9gek, vezetett kir\u00e1ndul\u00e1sok a k\u00f6rny\u00e9k term\u00e9szeti kincseihez, valamint \u00e9ttermek, ahol helyi specialit\u00e1sokat k\u00f3stolhatsz.&nbsp; T\u00f6ltsd vel\u00fcnk a szabadid\u0151det, \u00e9s \u00e9lvezd a pihen\u00e9st egyed\u00fcl, bar\u00e1tokkal vagy csal\u00e1ddal!<\/p>","protected":false},"author":1,"featured_media":0,"parent":0,"menu_order":0,"comment_status":"open","ping_status":"closed","template":"elementor_theme","meta":{"footnotes":""},"class_list":["post-345","page","type-page","status-publish","hentry"],"_links":{"self":[{"href":"https:\/\/gabi.chatasturovo.sk\/en\/wp-json\/wp\/v2\/pages\/345","targetHints":{"allow":["GET"]}}],"collection":[{"href":"https:\/\/gabi.chatasturovo.sk\/en\/wp-json\/wp\/v2\/pages"}],"about":[{"href":"https:\/\/gabi.chatasturovo.sk\/en\/wp-json\/wp\/v2\/types\/page"}],"author":[{"embeddable":true,"href":"https:\/\/gabi.chatasturovo.sk\/en\/wp-json\/wp\/v2\/users\/1"}],"replies":[{"embeddable":true,"href":"https:\/\/gabi.chatasturovo.sk\/en\/wp-json\/wp\/v2\/comments?post=345"}],"version-history":[{"count":13,"href":"https:\/\/gabi.chatasturovo.sk\/en\/wp-json\/wp\/v2\/pages\/345\/revisions"}],"predecessor-version":[{"id":451,"href":"https:\/\/gabi.chatasturovo.sk\/en\/wp-json\/wp\/v2\/pages\/345\/revisions\/451"}],"wp:attachment":[{"href":"https:\/\/gabi.chatasturovo.sk\/en\/wp-json\/wp\/v2\/media?parent=345"}],"curies":[{"name":"wp","href":"https:\/\/api.w.org\/{rel}","templated":true}]}}